{"id":51275,"date":"2026-03-31T10:13:50","date_gmt":"2026-03-31T07:13:50","guid":{"rendered":"https:\/\/alfatasarim.net\/tatli\/?page_id=51275"},"modified":"2026-03-31T10:13:50","modified_gmt":"2026-03-31T07:13:50","slug":"gizlilik-politikasi","status":"publish","type":"page","link":"https:\/\/alfatasarim.net\/tatli\/gizlilik-politikasi\/","title":{"rendered":"G\u0130ZL\u0130L\u0130K POL\u0130T\u0130KASI"},"content":{"rendered":"<p>EKSPRES TATLI \u0130NTERNET S\u0130TES\u0130 \u2013 G\u0130ZL\u0130L\u0130K POL\u0130T\u0130KASI<br \/>\nEKSPRES TATLI GIDA TUR\u0130ZM \u0130N\u015eAAT L\u0130M\u0130TED \u015e\u0130RKET\u0130 (\u201cEKSPRES TATLI\u201d) taraf\u0131ndan y\u00fcr\u00fct\u00fclen i\u015fbu internet sitesi (\u201cSite\u201d) 6698 say\u0131l\u0131 Ki\u015fisel Verilerin Korunmas\u0131 Kanunu (\u201cKVKK\u201d) ve ilgili mevzuat\u0131na uyum i\u00e7inde y\u00fcr\u00fct\u00fclmekte olup, i\u015fbu politika kapsam\u0131nda gizlilik ilkeleri a\u00e7\u0131klanmaktad\u0131r.<\/p>\n<p>EKSPRES TATLI olarak internet sitemiz ve ba\u011fl\u0131 her t\u00fcrl\u00fc uygulamay\u0131 KVKK h\u00fck\u00fcmlerine uygun olarak ki\u015fisel veri i\u015fleme ilkelerine azami \u00f6zen g\u00f6stermek suretiyle y\u00f6netmekteyiz. Bu do\u011frultuda, KVKK ve ilgili mevzuatlar\u0131 uyar\u0131nca bilgilendirme y\u00fck\u00fcml\u00fcl\u00fcklerimizi yerine getirmekte, internet sitemiz ziyaret\u00e7ilerinin i\u015flenebilecek ki\u015fisel verilerine dair i\u015fbu ayd\u0131nlatma metnini sunmaktay\u0131z.<\/p>\n<p>\u0130nternet sitemizi ziyaretiniz esnas\u0131nda toplanan ki\u015fisel verileriniz, belirtilen ama\u00e7lar dahilinde a\u00e7\u0131k r\u0131zan\u0131za binaen veya KVKK kapsam\u0131nda d\u00fczenlenen di\u011fer hukuki sebeplere dayan\u0131larak EKSPRES TATLI taraf\u0131ndan i\u015flenmektedir. Buna g\u00f6re; internet sitemizde yer alan ileti\u015fim formunu kullanarak taraf\u0131m\u0131za iletmi\u015f oldu\u011funuz kimlik ve ileti\u015fim verileriniz talep ve \u015fikayet takibi ve m\u00fc\u015fteri ili\u015fkilerinin geli\u015ftirilmesi ama\u00e7lar\u0131yla a\u00e7\u0131k r\u0131zan\u0131z dahilinde i\u015flenecektir.<\/p>\n<p>Bunun yan\u0131 s\u0131ra, internet sitemizin i\u015fleyi\u015finin sa\u011flanabilmesi ve bilgi i\u015flem g\u00fcvenli\u011finin sa\u011flanmas\u0131 amac\u0131yla \u00e7erezler vas\u0131tas\u0131yla i\u015flem g\u00fcvenli\u011fi bilgileriniz i\u015flenmektedir. Bu kapsamda internet sitemizi ziyaret etmeniz halinde zorunlu ve i\u015flevsel \u00e7erezler yoluyla ziyaret edilen sayfalar ve g\u00f6r\u00fcnt\u00fcleme say\u0131s\u0131, hangi taray\u0131c\u0131 ve IP yoluyla eri\u015fim sa\u011fland\u0131\u011f\u0131 ve sistem ayarlar\u0131 bilgileri i\u015flenebilmektedir. Bu veriler hi\u00e7bir surette taraf\u0131m\u0131zca kimli\u011finizi tespit etmek ama\u00e7l\u0131 kullan\u0131lmamakta, internet sitemizin kullan\u0131m\u0131n\u0131n sa\u011flanmas\u0131 ve bilgi i\u015flem g\u00fcvenli\u011fi ama\u00e7lar\u0131yla me\u015fru menfaatimiz gere\u011fi i\u015flenmektedir. Daha fazla bilgi almak i\u00e7in \u00c7erez Politikam\u0131z\u0131 okuyunuz.<\/p>\n<p>\u0130nternet sitemize ziyaretinize ili\u015fkin olarak taraf\u0131m\u0131zca do\u011frudan bir veri i\u015fleme faaliyeti ger\u00e7ekle\u015ftirilmemekle birlikte, sunucular\u0131m\u0131z\u0131n yurt d\u0131\u015f\u0131 konumlu oldu\u011funu bildirir, internet sitemizi bu do\u011frultuda kullanman\u0131z\u0131 \u00f6neririz.<\/p>\n<p>Yukar\u0131da i\u015fleme ama\u00e7lar\u0131 ve kategorileri belirtilen verileriniz, kanunlarda \u00f6ng\u00f6r\u00fclmesi, hukuki y\u00fck\u00fcml\u00fcl\u00fckler gere\u011fi veya talep halinde yetkili ki\u015fi kurum ve kurulu\u015flar ile payla\u015f\u0131labilir. Bununla birlikte, faaliyetlerimizin mevzuata uygun y\u00fcr\u00fct\u00fclmesi, hukuk i\u015flerinin takibi, stratejik planlama faaliyetleri ve bilgi g\u00fcvenli\u011finin sa\u011flanmas\u0131 ama\u00e7lar\u0131yla avukatlar\u0131m\u0131z, dan\u0131\u015fmanlar\u0131m\u0131z ve di\u011fer hizmet al\u0131nan ger\u00e7ek veya t\u00fczel \u00f6zel hukuk ki\u015fileri ile payla\u015f\u0131labilir.<\/p>\n<p>6698 say\u0131l\u0131 Ki\u015fisel Verilerin Korunmas\u0131 Kanunu\u2019nun 11. maddesinde say\u0131lan haklar\u0131n\u0131za ili\u015fkin taleplerinizi, veri sorumlusu \u015firket EKSPRES TATLI ileti\u015fim kanallar\u0131 \u00fczerinden usul\u00fcne uygun ba\u015fvuru yaparak iletebilirsiniz. Buna g\u00f6re, taleplerinizi iletmek i\u00e7in sistemde kay\u0131tl\u0131 e-posta adresiniz \u00fczerinden info@eksprestatli.com adresine e-posta g\u00f6nderebilir, CEV\u0130ZL\u0130DERE MAH. EY\u00dcP SABR\u0130 KILI\u00c7 CAD. NO: 18\/C \u00c7ANKAYA\/ANKARA adresine iadeli taahh\u00fctl\u00fc mektup veya noter kanal\u0131yla ula\u015ft\u0131rabilirsiniz.<\/p>\n","protected":false},"excerpt":{"rendered":"<p>EKSPRES TATLI \u0130NTERNET S\u0130TES\u0130 \u2013 G\u0130ZL\u0130L\u0130K POL\u0130T\u0130KASI EKSPRES TATLI GIDA TUR\u0130ZM \u0130N\u015eAAT L\u0130M\u0130TED \u015e\u0130RKET\u0130 (\u201cEKSPRES TATLI\u201d) taraf\u0131ndan y\u00fcr\u00fct\u00fclen i\u015fbu internet&#8230;<\/p>\n","protected":false},"author":1,"featured_media":-3,"parent":0,"menu_order":0,"comment_status":"closed","ping_status":"closed","template":"","meta":{"rs_blank_template":"","rs_page_bg_color":"","slide_template_v7":"","footnotes":""},"class_list":["post-51275","page","type-page","status-publish","has-post-thumbnail","hentry"],"_links":{"self":[{"href":"https:\/\/alfatasarim.net\/tatli\/wp-json\/wp\/v2\/pages\/51275","targetHints":{"allow":["GET"]}}],"collection":[{"href":"https:\/\/alfatasarim.net\/tatli\/wp-json\/wp\/v2\/pages"}],"about":[{"href":"https:\/\/alfatasarim.net\/tatli\/wp-json\/wp\/v2\/types\/page"}],"author":[{"embeddable":true,"href":"https:\/\/alfatasarim.net\/tatli\/wp-json\/wp\/v2\/users\/1"}],"replies":[{"embeddable":true,"href":"https:\/\/alfatasarim.net\/tatli\/wp-json\/wp\/v2\/comments?post=51275"}],"version-history":[{"count":1,"href":"https:\/\/alfatasarim.net\/tatli\/wp-json\/wp\/v2\/pages\/51275\/revisions"}],"predecessor-version":[{"id":51276,"href":"https:\/\/alfatasarim.net\/tatli\/wp-json\/wp\/v2\/pages\/51275\/revisions\/51276"}],"wp:featuredmedia":[{"embeddable":true,"href":"https:\/\/alfatasarim.net\/tatli\/wp-json\/"}],"wp:attachment":[{"href":"https:\/\/alfatasarim.net\/tatli\/wp-json\/wp\/v2\/media?parent=51275"}],"curies":[{"name":"wp","href":"https:\/\/api.w.org\/{rel}","templated":true}]}}