{"id":51273,"date":"2026-03-31T10:13:29","date_gmt":"2026-03-31T07:13:29","guid":{"rendered":"https:\/\/alfatasarim.net\/tatli\/?page_id=51273"},"modified":"2026-03-31T10:13:29","modified_gmt":"2026-03-31T07:13:29","slug":"katilimci-aydinlatma-metni","status":"publish","type":"page","link":"https:\/\/alfatasarim.net\/tatli\/katilimci-aydinlatma-metni\/","title":{"rendered":"KATILIMCI AYDINLATMA METN\u0130"},"content":{"rendered":"<p><strong>EKSPRES TATLI GIDA TUR\u0130ZM \u0130N\u015eAAT L\u0130M\u0130TED \u015e\u0130RKET\u0130<\/strong><\/p>\n<p><strong>KATILIMCI AYDINLATMA METN\u0130<\/strong><\/p>\n<p>EKSPRES TATLI GIDA TUR\u0130ZM \u0130N\u015eAAT L\u0130M\u0130TED \u015e\u0130RKET\u0130 (\u201c\u015eirket\u201d) olarak veri sorumlusu s\u0131fat\u0131m\u0131z\u0131n bilinciyle ki\u015fisel verilerinizin korunmas\u0131na azami \u00f6l\u00e7\u00fcde \u00f6nem veriyoruz. Bu nedenle, \u015eirket olarak ki\u015fisel verilerini i\u015fledi\u011fimiz t\u00fcm ki\u015filerin mahremiyetini korumak ve ki\u015fisel verilerinin g\u00fcvenli\u011fini sa\u011flamak ad\u0131na gerekli \u00f6nlemleri almaktay\u0131z.<\/p>\n<figure class=\"wp-block-table\">\n<table class=\"has-fixed-layout\">\n<tbody>\n<tr>\n<td><strong>Veri Sorumlusu<\/strong><\/td>\n<td>: EKSPRES TATLI GIDA TUR\u0130ZM \u0130N\u015eAAT L\u0130M\u0130TED \u015e\u0130RKET\u0130<\/td>\n<\/tr>\n<tr>\n<td><strong>Adres\u00a0\u00a0\u00a0<\/strong><\/td>\n<td>: CEV\u0130ZL\u0130DERE MAH. EY\u00dcP SABR\u0130 KILI\u00c7 CAD. NO: 18\/C \u00c7ANKAYA\/ANKARA<\/td>\n<\/tr>\n<tr>\n<td><strong>Telefon\u00a0\u00a0\u00a0\u00a0\u00a0\u00a0\u00a0\u00a0<\/strong><\/td>\n<td>: 444 43 92<\/td>\n<\/tr>\n<tr>\n<td><strong>E_Posta<\/strong><\/td>\n<td>: info@eksprestatli.com<\/td>\n<\/tr>\n<tr>\n<td><strong>Kep\u00a0\u00a0\u00a0\u00a0\u00a0\u00a0<\/strong><\/td>\n<td>:\u00a0\u2013<\/td>\n<\/tr>\n<\/tbody>\n<\/table>\n<\/figure>\n<h3 class=\"wp-block-heading\"><strong>1.\u00a0<\/strong>Ki\u015fisel Verilerinizin \u0130\u015flenme Ama\u00e7lar\u0131 ve Hukuki Sebepleri<\/h3>\n<p>Websitesinde yer alan ileti\u015fim kutusunda toplanan ki\u015fisel verileriniz, i\u015fbu ayd\u0131nlatma metni kapsam\u0131nda a\u015fa\u011f\u0131da yer alan ve 6698 say\u0131l\u0131 Ki\u015fisel Verileri Koruma Kanunu\u2019nda (\u201cKVKK\u201d) \u00a0\u00f6n g\u00f6r\u00fclen hukuki sebep ve ama\u00e7lar do\u011frultusunda i\u015flenmektedir.<\/p>\n<figure class=\"wp-block-table\">\n<table class=\"has-fixed-layout\">\n<tbody>\n<tr>\n<td><strong>Veri Kategorisi (Ki\u015fisel Veri)<\/strong><\/td>\n<td><strong>Hukuki Sebebi<\/strong><\/td>\n<td><strong>\u0130\u015fleme Amac\u0131<\/strong><\/td>\n<\/tr>\n<tr>\n<td>Kimlik Verisi: Ad-Soyad<\/td>\n<td>S\u00f6zle\u015fme Kurulmas\u0131 ve \u0130fas\u0131<\/td>\n<td>\u0130\u015f Faaliyetlerinin Y\u00fcr\u00fct\u00fclmesi\/denetimi, Mal\/Hizmet \u00dcretim ve Operasyon S\u00fcre\u00e7lerinin Y\u00fcr\u00fct\u00fclmesi, Organizasyon ve Etkinlik Y\u00f6netimi<\/td>\n<\/tr>\n<tr>\n<td>M\u00fc\u015fteri \u0130\u015flem Verisi: Talep\/Sipari\u015f Bilgileri<\/td>\n<td>S\u00f6zle\u015fme Kurulmas\u0131 ve \u0130fas\u0131<\/td>\n<td>\u0130\u015f Faaliyetlerinin Y\u00fcr\u00fct\u00fclmesi\/denetimi, Mal\/Hizmet \u00dcretim ve Operasyon S\u00fcre\u00e7lerinin Y\u00fcr\u00fct\u00fclmesi, Organizasyon ve Etkinlik Y\u00f6netimi<\/td>\n<\/tr>\n<tr>\n<td>**G\u00f6rsel ve \u0130\u015fitsel Kay\u0131tlar: Foto\u011fraf\/Kamera Kayd\u0131<\/td>\n<td>A\u00e7\u0131k R\u0131za<\/td>\n<td>Mal\/Hizmet \u00dcretim ve Operasyon S\u00fcre\u00e7lerinin Y\u00fcr\u00fct\u00fclmesi, Bas\u0131l\u0131\/g\u00f6rsel yay\u0131nlar\u0131n haz\u0131rlan\u0131lmas\u0131 ve kullan\u0131lmas\u0131<\/td>\n<\/tr>\n<\/tbody>\n<\/table>\n<\/figure>\n<p>**Kat\u0131l\u0131m d\u00fczenleyicisi taraf\u0131ndan belirtilen hizmetin talep edilmesi halinde s\u00f6z konusu ki\u015fisel verileriniz a\u00e7\u0131k r\u0131zan\u0131z\u0131n olmas\u0131 halinde i\u015flenmektedir.<\/p>\n<h3 class=\"wp-block-heading\"><strong>2.\u00a0<\/strong>Ki\u015fisel Verilerinizin Toplanma Y\u00f6ntemi<\/h3>\n<p>Ki\u015fisel verileriniz, yaz\u0131l\u0131 olarak, do\u011frudan s\u00f6zl\u00fc olarak, e-posta yoluyla, telefon ile ve g\u00f6r\u00fcnt\u00fcleme hizmetinin sa\u011flanmas\u0131 halinde kamera ile otomatik olmayan yollarla elde edilmekte ve i\u015flenmektedir.<\/p>\n<h3 class=\"wp-block-heading\"><strong>3.\u00a0<\/strong>Ki\u015fisel Verilerinizin Kimlere Hangi Ama\u00e7larla Aktar\u0131labilece\u011fi<\/h3>\n<p>Ki\u015fisel verileriniz, KVKK\u2019n\u0131n 8. ve 9. maddelerinde belirtilen ki\u015fisel veri i\u015fleme \u015fartlar\u0131 ve ama\u00e7lar\u0131 \u00e7er\u00e7evesinde i\u015flenmekte olup talep olmas\u0131 veya hukuki bir ihtilaf\u0131n vuku bulmas\u0131 halinde avukatlar\u0131m\u0131z ve yetkili kamu kurum ve kurulu\u015flar\u0131 ile ilgili ki\u015fisel verilerinizi payla\u015fma hakk\u0131m\u0131z sakl\u0131 olup, ki\u015fisel verileriniz a\u015fa\u011f\u0131daki hallerde ve belirtilen 3. Ki\u015filerle payla\u015f\u0131lacakt\u0131r.<\/p>\n<figure class=\"wp-block-table\">\n<table class=\"has-fixed-layout\">\n<tbody>\n<tr>\n<td><strong>Al\u0131c\u0131 Grubu<\/strong><\/td>\n<td><strong>Aktar\u0131lan Veri<\/strong><\/td>\n<td><strong>Aktar\u0131m Amac\u0131<\/strong>\u00a0<strong>\u00a0<\/strong><\/td>\n<\/tr>\n<tr>\n<td>Tedarik\u00e7iler (Kameraman\/Foto\u011fraf\u00e7\u0131)<\/td>\n<td>\u00a0 G\u00f6rsel ve \u0130\u015fitsel Kay\u0131tlar: Foto\u011fraf\/Kamera Kayd\u0131<\/td>\n<td>D\u0131\u015f Firmadan Foto\u011fraf\/Kamera \u00c7ekim Hizmetinin Al\u0131nmas\u0131<\/td>\n<\/tr>\n<\/tbody>\n<\/table>\n<\/figure>\n<h3 class=\"wp-block-heading\"><strong>4.\u00a0<\/strong>Ki\u015fisel Verileriniz ile \u0130lgili Haklar\u0131n\u0131z<\/h3>\n<p>KVKK\u2019n\u0131n ilgili ki\u015finin haklar\u0131n\u0131 d\u00fczenleyen 11\u2019inci maddesine g\u00f6re;<\/p>\n<ul class=\"wp-block-list\">\n<li>Ki\u015fisel verilerinin i\u015flenip i\u015flenmedi\u011fini \u00f6\u011frenme,<\/li>\n<li>Ki\u015fisel verileri i\u015flenmi\u015fse buna ili\u015fkin bilgi talep etme,<\/li>\n<li>Ki\u015fisel verilerinin i\u015flenme amac\u0131n\u0131 ve bunlar\u0131n amac\u0131na uygun kullan\u0131l\u0131p kullan\u0131lmad\u0131\u011f\u0131n\u0131 \u00f6\u011frenme,<\/li>\n<li>Yurt i\u00e7inde veya yurt d\u0131\u015f\u0131nda ki\u015fisel verilerin aktar\u0131ld\u0131\u011f\u0131 \u00fc\u00e7\u00fcnc\u00fc ki\u015fileri bilme,<\/li>\n<li>Ki\u015fisel verilerin eksik veya yanl\u0131\u015f i\u015flenmi\u015f olmas\u0131 h\u00e2linde bunlar\u0131n d\u00fczeltilmesini isteme,<\/li>\n<li>Ki\u015fisel verilerin silinmesini veya yok edilmesini isteme,<\/li>\n<li>Ki\u015fisel verilerin d\u00fczeltilmesi, silinmesi veya yok edilmesine ili\u015fkin i\u015flemlerin ki\u015fisel verilerin aktar\u0131ld\u0131\u011f\u0131 \u00fc\u00e7\u00fcnc\u00fc ki\u015filere bildirilmesini isteme,<\/li>\n<li>\u0130\u015flenen verilerin m\u00fcnhas\u0131ran otomatik sistemler vas\u0131tas\u0131yla analiz edilmesi suretiyle ki\u015finin kendisi aleyhine bir sonucun ortaya \u00e7\u0131kmas\u0131na itiraz etme,<\/li>\n<li>Ki\u015fisel verilerin kanuna ayk\u0131r\u0131 olarak i\u015flenmesi sebebiyle zarara u\u011framas\u0131 h\u00e2linde zarar\u0131n giderilmesini talep etme haklar\u0131na sahipsiniz.<\/li>\n<\/ul>\n<p>Kanunu\u2019nun ilgili ki\u015finin haklar\u0131n\u0131 d\u00fczenleyen 11. maddesi kapsam\u0131ndaki taleplerinizi, Veri Sorumlusuna Ba\u015fvuru Usul ve Esaslar\u0131 Hakk\u0131nda Tebli\u011f uyar\u0131nca \u201cCEV\u0130ZL\u0130DERE MAH. EY\u00dcP SABR\u0130 KILI\u00c7 CAD. NO: 18\/C \u00c7ANKAYA\/ANKARA\u201d adresine yaz\u0131l\u0131 olarak veya sistemimizde kay\u0131tl\u0131 olan e-posta adresinizden info@eksprestatli.com e-posta adresine iletebilirsiniz.<\/p>\n<p><strong><u>A\u00c7IK RIZA ONAY FORMU<\/u><\/strong><\/p>\n<p>\u0130\u015fbu a\u00e7\u0131k r\u0131za beyan\u0131 ile,<\/p>\n<p>Verece\u011fim a\u00e7\u0131k r\u0131zan\u0131n taraf\u0131mca herhangi bir zamanla s\u0131n\u0131rl\u0131 olmayarak geri \u00e7ekilebilece\u011fi bilgisine sahip olarak, Veri Sorumlusu S\u0131fat\u0131yla, CEV\u0130ZL\u0130DERE MAH. EY\u00dcP SABR\u0130 KILI\u00c7 CAD. NO: 18\/C \u00c7ANKAYA\/ANKARA adresinde mukim EKSPRES TATLI GIDA TUR\u0130ZM \u0130N\u015eAAT L\u0130M\u0130TED \u015e\u0130RKET\u0130 taraf\u0131ndan taraf\u0131ma sunulan Ayd\u0131nlatma metnini okumu\u015f ve anlam\u0131\u015f olarak,<\/p>\n<p><strong>G\u00f6rsel ve \u0130\u015fitsel Kay\u0131tlar Bak\u0131m\u0131ndan;<\/strong><\/p>\n<p>Etkinlik\/organizasyon s\u00fcrecinde hizmet \u00fcretim ve operasyonlar\u0131n\u0131n sunulan hizmet kapsam\u0131nda y\u00fcr\u00fct\u00fclmesi amac\u0131yla foto\u011fraf\/kamera kayd\u0131m\u0131n \u00e7ekilmesine ve saklanmas\u0131na izin veriyorum.<\/p>\n","protected":false},"excerpt":{"rendered":"<p>EKSPRES TATLI GIDA TUR\u0130ZM \u0130N\u015eAAT L\u0130M\u0130TED \u015e\u0130RKET\u0130 KATILIMCI AYDINLATMA METN\u0130 EKSPRES TATLI GIDA TUR\u0130ZM \u0130N\u015eAAT L\u0130M\u0130TED \u015e\u0130RKET\u0130 (\u201c\u015eirket\u201d) olarak veri&#8230;<\/p>\n","protected":false},"author":1,"featured_media":-3,"parent":0,"menu_order":0,"comment_status":"closed","ping_status":"closed","template":"","meta":{"rs_blank_template":"","rs_page_bg_color":"","slide_template_v7":"","footnotes":""},"class_list":["post-51273","page","type-page","status-publish","has-post-thumbnail","hentry"],"_links":{"self":[{"href":"https:\/\/alfatasarim.net\/tatli\/wp-json\/wp\/v2\/pages\/51273","targetHints":{"allow":["GET"]}}],"collection":[{"href":"https:\/\/alfatasarim.net\/tatli\/wp-json\/wp\/v2\/pages"}],"about":[{"href":"https:\/\/alfatasarim.net\/tatli\/wp-json\/wp\/v2\/types\/page"}],"author":[{"embeddable":true,"href":"https:\/\/alfatasarim.net\/tatli\/wp-json\/wp\/v2\/users\/1"}],"replies":[{"embeddable":true,"href":"https:\/\/alfatasarim.net\/tatli\/wp-json\/wp\/v2\/comments?post=51273"}],"version-history":[{"count":1,"href":"https:\/\/alfatasarim.net\/tatli\/wp-json\/wp\/v2\/pages\/51273\/revisions"}],"predecessor-version":[{"id":51274,"href":"https:\/\/alfatasarim.net\/tatli\/wp-json\/wp\/v2\/pages\/51273\/revisions\/51274"}],"wp:featuredmedia":[{"embeddable":true,"href":"https:\/\/alfatasarim.net\/tatli\/wp-json\/"}],"wp:attachment":[{"href":"https:\/\/alfatasarim.net\/tatli\/wp-json\/wp\/v2\/media?parent=51273"}],"curies":[{"name":"wp","href":"https:\/\/api.w.org\/{rel}","templated":true}]}}