{"id":51211,"date":"2026-03-28T09:28:44","date_gmt":"2026-03-28T06:28:44","guid":{"rendered":"https:\/\/alfatasarim.net\/tatli\/?page_id=51211"},"modified":"2026-04-09T15:46:25","modified_gmt":"2026-04-09T12:46:25","slug":"franchise","status":"publish","type":"page","link":"https:\/\/alfatasarim.net\/tatli\/franchise\/","title":{"rendered":"FRANCHISE"},"content":{"rendered":"\t\t<div data-elementor-type=\"wp-page\" data-elementor-id=\"51211\" class=\"elementor elementor-51211\" data-elementor-post-type=\"page\">\n\t\t\t\t<div class=\"elementor-element elementor-element-71318a4 e-flex e-con-boxed e-con e-parent\" data-id=\"71318a4\" data-element_type=\"container\" data-e-type=\"container\">\n\t\t\t\t\t<div class=\"e-con-inner\">\n\t\t\t\t<div class=\"elementor-element elementor-element-fdc851c elementor-headline--style-highlight elementor-widget elementor-widget-animated-headline\" data-id=\"fdc851c\" data-element_type=\"widget\" data-e-type=\"widget\" data-settings=\"{&quot;highlighted_text&quot;:&quot;EKSPRES TATLI &quot;,&quot;headline_style&quot;:&quot;highlight&quot;,&quot;marker&quot;:&quot;circle&quot;,&quot;loop&quot;:&quot;yes&quot;,&quot;highlight_animation_duration&quot;:1200,&quot;highlight_iteration_delay&quot;:8000}\" data-widget_type=\"animated-headline.default\">\n\t\t\t\t\t\t\t<h3 class=\"elementor-headline\">\n\t\t\t\t\t<span class=\"elementor-headline-plain-text elementor-headline-text-wrapper\">FRANCHISE F\u0131rsat\u0131n\u0131 Ka\u00e7\u0131rmay\u0131n! <BR>Franchise s\u00fcrecinizde her ad\u0131mda yan\u0131n\u0131zda olup ba\u015far\u0131y\u0131 birlikte in\u015fa ediyoruz.<BR><\/span>\n\t\t\t\t<span class=\"elementor-headline-dynamic-wrapper elementor-headline-text-wrapper\">\n\t\t\t\t\t<span class=\"elementor-headline-dynamic-text elementor-headline-text-active\">EKSPRES TATLI <\/span>\n\t\t\t\t<\/span>\n\t\t\t\t<\/h3>\n\t\t\t\t\t\t<\/div>\n\t\t\t\t\t<\/div>\n\t\t\t\t<\/div>\n\t\t<div class=\"elementor-element elementor-element-430ad06 e-flex e-con-boxed e-con e-parent\" data-id=\"430ad06\" data-element_type=\"container\" data-e-type=\"container\">\n\t\t\t\t\t<div class=\"e-con-inner\">\n\t\t\t\t<div class=\"elementor-element elementor-element-a4d7535 elementor-widget elementor-widget-qi_addons_for_elementor_message_box\" data-id=\"a4d7535\" data-element_type=\"widget\" data-e-type=\"widget\" data-widget_type=\"qi_addons_for_elementor_message_box.default\">\n\t\t\t\t<div class=\"elementor-widget-container\">\n\t\t\t\t\t<div class=\"qodef-shortcode qodef-m qodef-qi-message-box qodef-icon--top\">\n\t\t<span class=\"qodef-m-icon\">\n\t\t\t<\/span>\n\t<div>\n\t\t\t<h3 class=\"qodef-m-title\">\n\t\tD\u00fc\u015f\u00fck Ba\u015flang\u0131\u00e7 Maliyeti\t<\/h3>\n\t\t\t<p class=\"qodef-m-text\">\n\t\t\nD\u00fc\u015f\u00fck ba\u015flang\u0131\u00e7 maliyeti ile yat\u0131r\u0131m\u0131n\u0131z k\u0131sa s\u00fcrede kazanca d\u00f6n\u00fc\u015fmeye ba\u015flar. Ekspres tatl\u0131 franchise, size h\u0131zl\u0131 kazan\u00e7 elde etme f\u0131rsat\u0131 sunar.\t<\/p>\n\t<\/div>\n\t\t<span class=\"qodef-m-close-icon\">\n\t\t\t<\/span>\n<\/div>\n\t\t\t\t<\/div>\n\t\t\t\t<\/div>\n\t\t\t\t<div class=\"elementor-element elementor-element-f8b893f elementor-widget elementor-widget-qi_addons_for_elementor_message_box\" data-id=\"f8b893f\" data-element_type=\"widget\" data-e-type=\"widget\" data-widget_type=\"qi_addons_for_elementor_message_box.default\">\n\t\t\t\t<div class=\"elementor-widget-container\">\n\t\t\t\t\t<div class=\"qodef-shortcode qodef-m qodef-qi-message-box qodef-icon--top\">\n\t\t<span class=\"qodef-m-icon\">\n\t\t\t<\/span>\n\t<div>\n\t\t\t<h3 class=\"qodef-m-title\">\n\t\tKaliteli \u00dcr\u00fcnler\t<\/h3>\n\t\t\t<p class=\"qodef-m-text\">\n\t\t\nHer tatl\u0131, firmam\u0131z taraf\u0131ndan sa\u011flanan birinci s\u0131n\u0131f malzemelerle haz\u0131rlan\u0131r. M\u00fc\u015fterilerinize her zaman taze ve kaliteli tatlar sunars\u0131n\u0131z.\t<\/p>\n\t<\/div>\n\t\t<span class=\"qodef-m-close-icon\">\n\t\t\t<\/span>\n<\/div>\n\t\t\t\t<\/div>\n\t\t\t\t<\/div>\n\t\t\t\t<div class=\"elementor-element elementor-element-bba4cd0 elementor-widget elementor-widget-qi_addons_for_elementor_message_box\" data-id=\"bba4cd0\" data-element_type=\"widget\" data-e-type=\"widget\" data-widget_type=\"qi_addons_for_elementor_message_box.default\">\n\t\t\t\t<div class=\"elementor-widget-container\">\n\t\t\t\t\t<div class=\"qodef-shortcode qodef-m qodef-qi-message-box qodef-icon--top\">\n\t\t<span class=\"qodef-m-icon\">\n\t\t\t<\/span>\n\t<div>\n\t\t\t<h3 class=\"qodef-m-title\">\n\t\tKolay Operasyon\t<\/h3>\n\t\t\t<p class=\"qodef-m-text\">\n\t\t\nSizin i\u00e7in minimum personel ihtiyac\u0131 ve s\u00fcrekli operasyonel destek sa\u011fl\u0131yoruz. \u0130\u015fletmenizi kolayca y\u00f6netmeye ba\u015flayabilirsiniz.\t<\/p>\n\t<\/div>\n\t\t<span class=\"qodef-m-close-icon\">\n\t\t\t<\/span>\n<\/div>\n\t\t\t\t<\/div>\n\t\t\t\t<\/div>\n\t\t\t\t<div class=\"elementor-element elementor-element-491b7a0 elementor-widget elementor-widget-qi_addons_for_elementor_message_box\" data-id=\"491b7a0\" data-element_type=\"widget\" data-e-type=\"widget\" data-widget_type=\"qi_addons_for_elementor_message_box.default\">\n\t\t\t\t<div class=\"elementor-widget-container\">\n\t\t\t\t\t<div class=\"qodef-shortcode qodef-m qodef-qi-message-box qodef-icon--top\">\n\t\t<span class=\"qodef-m-icon\">\n\t\t\t<\/span>\n\t<div>\n\t\t\t<h3 class=\"qodef-m-title\">\n\t\tS\u00fcrekli Pazarlama Deste\u011fi\t<\/h3>\n\t\t\t<p class=\"qodef-m-text\">\n\t\t\nMarkan\u0131z\u0131n her zaman g\u00f6r\u00fcn\u00fcr olacak pazarlama deste\u011fini biz sa\u011fl\u0131yoruz. Hedef kitlenize ula\u015fman\u0131z\u0131 s\u00fcrekli olarak destekliyor olaca\u011f\u0131z.\t<\/p>\n\t<\/div>\n\t\t<span class=\"qodef-m-close-icon\">\n\t\t\t<\/span>\n<\/div>\n\t\t\t\t<\/div>\n\t\t\t\t<\/div>\n\t\t\t\t<div class=\"elementor-element elementor-element-ecffb33 elementor-widget elementor-widget-qi_addons_for_elementor_message_box\" data-id=\"ecffb33\" data-element_type=\"widget\" data-e-type=\"widget\" data-widget_type=\"qi_addons_for_elementor_message_box.default\">\n\t\t\t\t<div class=\"elementor-widget-container\">\n\t\t\t\t\t<div class=\"qodef-shortcode qodef-m qodef-qi-message-box qodef-icon--top\">\n\t\t<span class=\"qodef-m-icon\">\n\t\t\t<\/span>\n\t<div>\n\t\t\t<h3 class=\"qodef-m-title\">\n\t\tMarka De\u011feri\t<\/h3>\n\t\t\t<p class=\"qodef-m-text\">\n\t\t\nKaliteli \u00fcr\u00fcnler, m\u00fc\u015fteri memnuniyeti ve s\u00fcrekli yenilik anlay\u0131\u015f\u0131 ile markam\u0131z, sekt\u00f6rde y\u00fcksek prestij sahibi isimlerden biri haline gelmi\u015ftir. Franchise sahipleri, bu g\u00fc\u00e7l\u00fc marka de\u011ferinden faydalanarak i\u015flerini h\u0131zla b\u00fcy\u00fctebilir ve sekt\u00f6rde fark yaratabilir.\t<\/p>\n\t<\/div>\n\t\t<span class=\"qodef-m-close-icon\">\n\t\t\t<\/span>\n<\/div>\n\t\t\t\t<\/div>\n\t\t\t\t<\/div>\n\t\t\t\t\t<\/div>\n\t\t\t\t<\/div>\n\t\t<div class=\"elementor-element elementor-element-9c2b3df e-flex e-con-boxed e-con e-parent\" data-id=\"9c2b3df\" data-element_type=\"container\" data-e-type=\"container\">\n\t\t\t\t\t<div class=\"e-con-inner\">\n\t\t\t\t<div class=\"elementor-element elementor-element-c4c5727 elementor-headline--style-highlight elementor-widget elementor-widget-animated-headline\" data-id=\"c4c5727\" data-element_type=\"widget\" data-e-type=\"widget\" data-settings=\"{&quot;highlighted_text&quot;:&quot;BA\\u015eVURU FORMU&quot;,&quot;headline_style&quot;:&quot;highlight&quot;,&quot;marker&quot;:&quot;circle&quot;,&quot;loop&quot;:&quot;yes&quot;,&quot;highlight_animation_duration&quot;:1200,&quot;highlight_iteration_delay&quot;:8000}\" data-widget_type=\"animated-headline.default\">\n\t\t\t\t\t\t\t<h3 class=\"elementor-headline\">\n\t\t\t\t\t<span class=\"elementor-headline-plain-text elementor-headline-text-wrapper\">FRANCHISE <\/span>\n\t\t\t\t<span class=\"elementor-headline-dynamic-wrapper elementor-headline-text-wrapper\">\n\t\t\t\t\t<span class=\"elementor-headline-dynamic-text elementor-headline-text-active\">BA\u015eVURU FORMU<\/span>\n\t\t\t\t<\/span>\n\t\t\t\t<\/h3>\n\t\t\t\t\t\t<\/div>\n\t\t\t\t\t<\/div>\n\t\t\t\t<\/div>\n\t\t<div class=\"elementor-element elementor-element-b85cb08 e-flex e-con-boxed e-con e-parent\" data-id=\"b85cb08\" data-element_type=\"container\" data-e-type=\"container\">\n\t\t\t\t\t<div class=\"e-con-inner\">\n\t\t\t\t<div class=\"elementor-element elementor-element-461f702 elementor-widget elementor-widget-text-editor\" data-id=\"461f702\" data-element_type=\"widget\" data-e-type=\"widget\" data-widget_type=\"text-editor.default\">\n\t\t\t\t\t\t\t\t\t<div id=\"quform-a8a2a9\" class=\"quform quform-1 quform-theme-light quform-support-page-caching\"><form id=\"quform-form-a8a2a9\" class=\"quform-form quform-form-1\" action=\"\/tatli\/wp-json\/wp\/v2\/pages\/51211#quform-a8a2a9\" method=\"post\" enctype=\"multipart\/form-data\" novalidate=\"novalidate\" data-options=\"{&quot;id&quot;:1,&quot;uniqueId&quot;:&quot;a8a2a9&quot;,&quot;theme&quot;:&quot;light&quot;,&quot;ajax&quot;:true,&quot;logic&quot;:{&quot;logic&quot;:[],&quot;dependents&quot;:[],&quot;elementIds&quot;:[],&quot;dependentElementIds&quot;:[],&quot;animate&quot;:true},&quot;currentPageId&quot;:1,&quot;errorsIcon&quot;:&quot;&quot;,&quot;updateFancybox&quot;:true,&quot;hasPages&quot;:false,&quot;pages&quot;:[1],&quot;pageProgressType&quot;:&quot;numbers&quot;,&quot;tooltipsEnabled&quot;:true,&quot;tooltipClasses&quot;:&quot;qtip-quform-dark qtip-shadow&quot;,&quot;tooltipMy&quot;:&quot;left center&quot;,&quot;tooltipAt&quot;:&quot;right center&quot;,&quot;isRtl&quot;:false,&quot;scrollOffset&quot;:-50,&quot;scrollSpeed&quot;:800}\"><button class=\"quform-default-submit\" name=\"quform_submit\" type=\"submit\" value=\"submit\" aria-hidden=\"true\" tabindex=\"-1\"><\/button><div class=\"quform-form-inner quform-form-inner-1\"><input type=\"hidden\" name=\"quform_form_id\" value=\"1\" \/><input type=\"hidden\" name=\"quform_form_uid\" value=\"a8a2a9\" \/><input type=\"hidden\" name=\"quform_count\" value=\"1\" \/><input type=\"hidden\" name=\"form_url\" value=\"https:\/\/alfatasarim.net\/tatli\/wp-json\/wp\/v2\/pages\/51211\" \/><input type=\"hidden\" name=\"referring_url\" value=\"\" \/><input type=\"hidden\" name=\"post_id\" value=\"\" \/><input type=\"hidden\" name=\"post_title\" value=\"\" \/><input type=\"hidden\" name=\"quform_current_page_id\" value=\"1\" \/><input type=\"hidden\" name=\"quform_loaded\" value=\"1776863878|4f2e37fdb5edc64eccb296a8b804e36c\" \/><input type=\"hidden\" name=\"quform_csrf_token\" value=\"mA5joULRbSnY1D1aBd7iqfRLj44DueL46fbXqrIJ\" \/><div class=\"quform-elements quform-elements-1 quform-cf quform-responsive-elements-phone-landscape\"><div class=\"quform-element quform-element-page quform-page-1 quform-page-1_1 quform-cf quform-group-style-plain quform-first-page quform-last-page quform-current-page\"><div class=\"quform-child-elements\"><div class=\"quform-element quform-element-row quform-element-row-1_3 quform-2-columns quform-element-row-size-fixed quform-responsive-columns-phone-landscape\"><div class=\"quform-element quform-element-column quform-element-1_4\"><div class=\"quform-element quform-element-text quform-element-1_6 quform-cf quform-element-required\"><div class=\"quform-spacer\"><div class=\"quform-label quform-label-1_6\"><label class=\"quform-label-text\" for=\"quform_1_6_a8a2a9\">Ad<span class=\"quform-required\">*<\/span><\/label><\/div><div class=\"quform-inner quform-inner-text quform-inner-1_6\"><div class=\"quform-input quform-input-text quform-input-1_6 quform-cf\"><input type=\"text\" id=\"quform_1_6_a8a2a9\" name=\"quform_1_6\" class=\"quform-field quform-field-text quform-field-1_6\" \/><\/div><\/div><\/div><\/div><div class=\"quform-element quform-element-text quform-element-1_7 quform-cf quform-element-required\"><div class=\"quform-spacer\"><div class=\"quform-label quform-label-1_7\"><label class=\"quform-label-text\" for=\"quform_1_7_a8a2a9\">Telefon<span class=\"quform-required\">*<\/span><\/label><\/div><div class=\"quform-inner quform-inner-text quform-inner-1_7\"><div class=\"quform-input quform-input-text quform-input-1_7 quform-cf\"><input type=\"text\" id=\"quform_1_7_a8a2a9\" name=\"quform_1_7\" class=\"quform-field quform-field-text quform-field-1_7\" \/><\/div><\/div><\/div><\/div><div class=\"quform-element quform-element-text quform-element-1_10 quform-cf quform-element-required\"><div class=\"quform-spacer\"><div class=\"quform-label quform-label-1_10\"><label class=\"quform-label-text\" for=\"quform_1_10_a8a2a9\">Yat\u0131r\u0131m B\u00fct\u00e7eniz<span class=\"quform-required\">*<\/span><\/label><\/div><div class=\"quform-inner quform-inner-text quform-inner-1_10\"><div class=\"quform-input quform-input-text quform-input-1_10 quform-cf\"><input type=\"text\" id=\"quform_1_10_a8a2a9\" name=\"quform_1_10\" class=\"quform-field quform-field-text quform-field-1_10\" \/><\/div><\/div><\/div><\/div><\/div><div class=\"quform-element quform-element-column quform-element-1_5\"><div class=\"quform-element quform-element-text quform-element-1_8 quform-cf quform-element-required\"><div class=\"quform-spacer\"><div class=\"quform-label quform-label-1_8\"><label class=\"quform-label-text\" for=\"quform_1_8_a8a2a9\"> Soyad<span class=\"quform-required\">*<\/span><\/label><\/div><div class=\"quform-inner quform-inner-text quform-inner-1_8\"><div class=\"quform-input quform-input-text quform-input-1_8 quform-cf\"><input type=\"text\" id=\"quform_1_8_a8a2a9\" name=\"quform_1_8\" class=\"quform-field quform-field-text quform-field-1_8\" \/><\/div><\/div><\/div><\/div><div class=\"quform-element quform-element-email quform-element-1_9 quform-cf quform-element-required\"><div class=\"quform-spacer\"><div class=\"quform-label quform-label-1_9\"><label class=\"quform-label-text\" for=\"quform_1_9_a8a2a9\">E-posta adresi<span class=\"quform-required\">*<\/span><\/label><\/div><div class=\"quform-inner quform-inner-email quform-inner-1_9\"><div class=\"quform-input quform-input-email quform-input-1_9 quform-cf\"><input type=\"email\" id=\"quform_1_9_a8a2a9\" name=\"quform_1_9\" class=\"quform-field quform-field-email quform-field-1_9\" \/><\/div><\/div><\/div><\/div><div class=\"quform-element quform-element-text quform-element-1_11 quform-cf quform-element-required\"><div class=\"quform-spacer\"><div class=\"quform-label quform-label-1_11\"><label class=\"quform-label-text\" for=\"quform_1_11_a8a2a9\">Nakit Yat\u0131r\u0131m B\u00fct\u00e7eniz<span class=\"quform-required\">*<\/span><\/label><\/div><div class=\"quform-inner quform-inner-text quform-inner-1_11\"><div class=\"quform-input quform-input-text quform-input-1_11 quform-cf\"><input type=\"text\" id=\"quform_1_11_a8a2a9\" name=\"quform_1_11\" class=\"quform-field quform-field-text quform-field-1_11\" \/><\/div><\/div><\/div><\/div><\/div><\/div><div class=\"quform-element quform-element-text quform-element-1_12 quform-cf quform-element-required\"><div class=\"quform-spacer\"><div class=\"quform-label quform-label-1_12\"><label class=\"quform-label-text\" for=\"quform_1_12_a8a2a9\">A\u00e7may\u0131 D\u00fc\u015f\u00fcnd\u00fc\u011f\u00fcn\u00fcz Lokasyon Bilgileri <span class=\"quform-required\">*<\/span><\/label><\/div><div class=\"quform-inner quform-inner-text quform-inner-1_12\"><div class=\"quform-input quform-input-text quform-input-1_12 quform-cf\"><input type=\"text\" id=\"quform_1_12_a8a2a9\" name=\"quform_1_12\" class=\"quform-field quform-field-text quform-field-1_12\" \/><\/div><\/div><\/div><\/div><div class=\"quform-element quform-element-row quform-element-row-1_14 quform-2-columns quform-element-row-size-fixed quform-responsive-columns-phone-landscape\"><div class=\"quform-element quform-element-column quform-element-1_15\"><div class=\"quform-element quform-element-text quform-element-1_17 quform-cf quform-element-required\"><div class=\"quform-spacer\"><div class=\"quform-label quform-label-1_17\"><label class=\"quform-label-text\" for=\"quform_1_17_a8a2a9\">\u015eehir<span class=\"quform-required\">*<\/span><\/label><\/div><div class=\"quform-inner quform-inner-text quform-inner-1_17\"><div class=\"quform-input quform-input-text quform-input-1_17 quform-cf\"><input type=\"text\" id=\"quform_1_17_a8a2a9\" name=\"quform_1_17\" class=\"quform-field quform-field-text quform-field-1_17\" \/><\/div><\/div><\/div><\/div><\/div><div class=\"quform-element quform-element-column quform-element-1_16\"><div class=\"quform-element quform-element-text quform-element-1_18 quform-cf quform-element-required\"><div class=\"quform-spacer\"><div class=\"quform-label quform-label-1_18\"><label class=\"quform-label-text\" for=\"quform_1_18_a8a2a9\">Eyalet \/ B\u00f6lge<span class=\"quform-required\">*<\/span><\/label><\/div><div class=\"quform-inner quform-inner-text quform-inner-1_18\"><div class=\"quform-input quform-input-text quform-input-1_18 quform-cf\"><input type=\"text\" id=\"quform_1_18_a8a2a9\" name=\"quform_1_18\" class=\"quform-field quform-field-text quform-field-1_18\" \/><\/div><\/div><\/div><\/div><\/div><\/div><div class=\"quform-element quform-element-checkbox quform-element-1_19 quform-cf quform-element-optional\"><div class=\"quform-spacer\"><div class=\"quform-label quform-label-1_19\"><label class=\"quform-label-text\" id=\"quform_1_19_a8a2a9_label\">Alttaki s\u00f6zle\u015fmeyi okudum, onayl\u0131yorum.<\/label><\/div><div class=\"quform-inner quform-inner-checkbox quform-inner-1_19\"><div class=\"quform-input quform-input-checkbox quform-input-1_19 quform-cf\"><div class=\"quform-options quform-cf quform-options-block quform-options-simple\" role=\"group\" aria-labelledby=\"quform_1_19_a8a2a9_label\"><div class=\"quform-option\"><input type=\"checkbox\" name=\"quform_1_19[]\" id=\"quform_1_19_a8a2a9_4\" class=\"quform-field quform-field-checkbox quform-field-1_19 quform-field-1_19_4\" value=\"Onay\" \/><label for=\"quform_1_19_a8a2a9_4\" class=\"quform-option-label quform-option-label-1_19_4\"><span class=\"quform-option-text\">Onay<\/span><\/label><\/div><\/div><\/div><p class=\"quform-description quform-description-below\">Yukar\u0131da verdi\u011fim ileti\u015fim bilgilerimin 6563 say\u0131l\u0131 Elektronik Ticaretin D\u00fczenlenmesi Hakk\u0131nda Kanun ile Ticari \u0130leti\u015fim ve Ticari Elektronik \u0130letiler Hakk\u0131nda Y\u00f6netmelik uyar\u0131nca her t\u00fcrl\u00fc ticari ileti\u015fim kapsam\u0131nda, \u00f6zellikle taraf\u0131ma \u00e7e\u015fitli avantajlar\u0131n sa\u011flan\u0131p sunulabilmesi, sat\u0131\u015f, pazarlama ve benzer ama\u00e7l\u0131 her t\u00fcrl\u00fc ileti\u015fim mesajlar\u0131n\u0131n g\u00f6nderilmesi amac\u0131yla taraf\u0131n\u0131zca, saklanmas\u0131n\u0131 ve payla\u015f\u0131lmas\u0131n\u0131 kabul ediyorum.<\/p><\/div><\/div><\/div><div class=\"quform-element quform-element-textarea quform-element-1_641379 quform-sr-only quform-cf\" style=\"clip: rect(1px, 1px, 1px, 1px); clip-path: inset(50%); position: absolute !important; height: 1px; width: 1px; overflow: hidden;\"><div class=\"quform-spacer\"><div class=\"quform-label quform-label-1_641379\"><label class=\"quform-label-text\" for=\"quform_1_641379_a8a2a9\">Email Address<span class=\"quform-required\">*<\/span><\/label><\/div><div class=\"quform-inner quform-inner-1_641379\"><textarea id=\"quform_1_641379_a8a2a9\" name=\"quform_1_641379\" class=\"quform-field quform-field-textarea quform-field-1_641379\" tabindex=\"-1\" autocomplete=\"new-password\"><\/textarea><\/div><\/div><\/div><div class=\"quform-element quform-element-checkbox quform-element-1_21 quform-cf quform-element-optional\"><div class=\"quform-spacer\"><div class=\"quform-label quform-label-1_21\"><label class=\"quform-label-text\" id=\"quform_1_21_a8a2a9_label\">Alttaki s\u00f6zle\u015fmeyi okudum, onayl\u0131yorum.<\/label><\/div><div class=\"quform-inner quform-inner-checkbox quform-inner-1_21\"><div class=\"quform-input quform-input-checkbox quform-input-1_21 quform-cf\"><div class=\"quform-options quform-cf quform-options-block quform-options-simple\" role=\"group\" aria-labelledby=\"quform_1_21_a8a2a9_label\"><div class=\"quform-option\"><input type=\"checkbox\" name=\"quform_1_21[]\" id=\"quform_1_21_a8a2a9_4\" class=\"quform-field quform-field-checkbox quform-field-1_21 quform-field-1_21_4\" value=\"Onay\" \/><label for=\"quform_1_21_a8a2a9_4\" class=\"quform-option-label quform-option-label-1_21_4\"><span class=\"quform-option-text\">Onay<\/span><\/label><\/div><\/div><\/div><p class=\"quform-description quform-description-below\">Ki\u015fisel verilerin korunmas\u0131 hakk\u0131ndaki bilgilendirmeyi okudum. \u0130\u015fbu Formda \u015firketiniz ile payla\u015ft\u0131\u011f\u0131m ki\u015fisel verilerimin sadece bu i\u015flem ile s\u0131n\u0131rl\u0131 olmak \u00fczere, kaydedilmesi, muhafaza edilmesi, de\u011fi\u015ftirilmesi, yeniden d\u00fczenlenmesi, a\u00e7\u0131klanmas\u0131, aktar\u0131lmas\u0131, devral\u0131nmas\u0131, elde edilebilir h\u00e2le getirilmesi, s\u0131n\u0131fland\u0131r\u0131lmas\u0131 ya da kullan\u0131lmas\u0131n\u0131n engellenmesi gibi veriler \u00fczerinde ger\u00e7ekle\u015ftirilen her t\u00fcrl\u00fc i\u015flemin \u015firketiniz taraf\u0131ndan yap\u0131lmas\u0131na a\u00e7\u0131k\u00e7a r\u0131za g\u00f6steriyorum.<\/p><\/div><\/div><\/div><div class=\"quform-element quform-element-submit quform-element-1_2 quform-cf quform-button-style-theme\"><div class=\"quform-button-submit quform-button-submit-default quform-button-submit-1_2\"><button name=\"quform_submit\" type=\"submit\" class=\"quform-submit\" value=\"submit\"><span class=\"quform-button-text quform-button-submit-text\">G\u00f6nder<\/span><\/button><\/div><div class=\"quform-loading quform-loading-position-left quform-loading-type-spinner-1\"><div class=\"quform-loading-inner\"><div class=\"quform-loading-spinner\"><div class=\"quform-loading-spinner-inner\"><\/div><\/div><\/div><\/div><\/div><\/div><\/div><\/div><\/div><\/form><\/div>\t\t\t\t\t\t\t\t<\/div>\n\t\t\t\t\t<\/div>\n\t\t\t\t<\/div>\n\t\t\t\t<\/div>\n\t\t","protected":false},"excerpt":{"rendered":"<p>FRANCHISE F\u0131rsat\u0131n\u0131 Ka\u00e7\u0131rmay\u0131n! Franchise s\u00fcrecinizde her ad\u0131mda yan\u0131n\u0131zda olup ba\u015far\u0131y\u0131 birlikte in\u015fa ediyoruz. EKSPRES TATLI D\u00fc\u015f\u00fck Ba\u015flang\u0131\u00e7 Maliyeti D\u00fc\u015f\u00fck ba\u015flang\u0131\u00e7&#8230;<\/p>\n","protected":false},"author":1,"featured_media":-3,"parent":0,"menu_order":0,"comment_status":"closed","ping_status":"closed","template":"","meta":{"rs_blank_template":"","rs_page_bg_color":"","slide_template_v7":"","footnotes":""},"class_list":["post-51211","page","type-page","status-publish","has-post-thumbnail","hentry"],"_links":{"self":[{"href":"https:\/\/alfatasarim.net\/tatli\/wp-json\/wp\/v2\/pages\/51211","targetHints":{"allow":["GET"]}}],"collection":[{"href":"https:\/\/alfatasarim.net\/tatli\/wp-json\/wp\/v2\/pages"}],"about":[{"href":"https:\/\/alfatasarim.net\/tatli\/wp-json\/wp\/v2\/types\/page"}],"author":[{"embeddable":true,"href":"https:\/\/alfatasarim.net\/tatli\/wp-json\/wp\/v2\/users\/1"}],"replies":[{"embeddable":true,"href":"https:\/\/alfatasarim.net\/tatli\/wp-json\/wp\/v2\/comments?post=51211"}],"version-history":[{"count":19,"href":"https:\/\/alfatasarim.net\/tatli\/wp-json\/wp\/v2\/pages\/51211\/revisions"}],"predecessor-version":[{"id":51468,"href":"https:\/\/alfatasarim.net\/tatli\/wp-json\/wp\/v2\/pages\/51211\/revisions\/51468"}],"wp:featuredmedia":[{"embeddable":true,"href":"https:\/\/alfatasarim.net\/tatli\/wp-json\/"}],"wp:attachment":[{"href":"https:\/\/alfatasarim.net\/tatli\/wp-json\/wp\/v2\/media?parent=51211"}],"curies":[{"name":"wp","href":"https:\/\/api.w.org\/{rel}","templated":true}]}}