{"id":49682,"date":"2024-01-10T07:00:56","date_gmt":"2024-01-10T07:00:56","guid":{"rendered":"https:\/\/wp2023.kodesolution.com\/amiso\/?page_id=49682"},"modified":"2026-04-09T14:27:18","modified_gmt":"2026-04-09T11:27:18","slug":"anasayfa","status":"publish","type":"page","link":"https:\/\/alfatasarim.net\/tatli\/","title":{"rendered":"ANASAYFA"},"content":{"rendered":"\t\t<div data-elementor-type=\"wp-page\" data-elementor-id=\"49682\" class=\"elementor elementor-49682\" data-elementor-post-type=\"page\">\n\t\t\t\t<div class=\"elementor-element elementor-element-a3abef6 e-con-full e-flex e-con e-parent\" data-id=\"a3abef6\" data-element_type=\"container\" data-e-type=\"container\">\n\t\t\t\t<div class=\"elementor-element elementor-element-d0baad9 elementor-widget elementor-widget-slider_revolution\" data-id=\"d0baad9\" data-element_type=\"widget\" data-e-type=\"widget\" data-widget_type=\"slider_revolution.default\">\n\t\t\t\t\t<div class=\"wp-block-themepunch-revslider revslider\">\n\t\t\t\t<p class=\"rs-p-wp-fix\"><\/p>\n\t\t\t\t<sr7-module data-alias=\"Slider-Home14\" data-id=\"1\" id=\"SR7_1_1\" data-version=\"7.0.5.1\">\n\t\t\t\t\t<sr7-adjuster><\/sr7-adjuster>\n\t\t\t\t\t<sr7-content>\n\t\t\t\t\t\t<sr7-slide id=\"SR7_1_1-1\" data-key=\"1\">\n\t\t\t\t\t\t\t<sr7-bg id=\"SR7_1_1-1-4\" class=\"sr7-layer\"><noscript><img decoding=\"async\" src=\"https:\/\/alfatasarim.net\/tatli\/wp-content\/uploads\/2026\/03\/slide-son.avif\" alt=\"\" title=\"ANASAYFA\"><\/noscript><\/sr7-bg>\n\t\t\t\t\t\t\t<h5 id=\"SR7_1_1-1-5\" class=\"sr7-layer\">Tatl\u0131 krizlerine h\u0131zl\u0131 ve lezzetli \u00e7\u00f6z\u00fcmler sunan Ekspres Tatl\u0131,  <br>g\u00fcnl\u00fck olarak haz\u0131rlanan taptaze lezzetleriyle her an yan\u0131n\u0131zda!   <br>Geni\u015f \u00fcr\u00fcn yelpazemizle damak zevkinize  uygun tatlar\u0131 kolayca  <br>bulabilir ve keyifli  anlar\u0131n\u0131z\u0131 unutulmaz hale getirebilirsiniz.<\/h5>\n\t\t\t\t\t\t<\/sr7-slide>\n\t\t\t\t\t\t<sr7-slide id=\"SR7_1_1-2\" data-key=\"2\">\n\t\t\t\t\t\t<\/sr7-slide>\n\t\t\t\t\t<\/sr7-content>\n\t\t\t\t\t<image_lists style=\"display:none\">\n\t\t\t\t\t\t<img data-src=\"\/\/alfatasarim.net\/tatli\/wp-content\/uploads\/2026\/03\/slide-son.avif\" width=\"0\" height=\"0\" data-dbsrc=\"Ly9hbGZhdGFzYXJpbS5uZXQvdGF0bGkvd3AtY29udGVudC91cGxvYWRzLzIwMjYvMDMvc2xpZGUtc29uLmF2aWY=\"\/>\n\t\t\t\t\t\t<img data-src=\"\/\/alfatasarim.net\/tatli\/wp-content\/uploads\/2026\/03\/slide-1.avif\" data-libid=\"50953\" data-lib=\"wp\" title=\"slide-1\" width=\"0\" height=\"0\" data-dbsrc=\"Ly9hbGZhdGFzYXJpbS5uZXQvdGF0bGkvd3AtY29udGVudC91cGxvYWRzLzIwMjYvMDMvc2xpZGUtMS5hdmlm\"\/>\n\t\t\t\t\t\t<img data-src=\"\/\/alfatasarim.net\/tatli\/wp-content\/uploads\/2026\/03\/bg_1.avif\" data-libid=\"50960\" data-lib=\"wp\" title=\"bg_1\" width=\"0\" height=\"0\" data-dbsrc=\"Ly9hbGZhdGFzYXJpbS5uZXQvdGF0bGkvd3AtY29udGVudC91cGxvYWRzLzIwMjYvMDMvYmdfMS5hdmlm\"\/>\n\t\t\t\t\t\t<img loading=\"lazy\" data-src=\"\/\/alfatasarim.net\/tatli\/wp-content\/uploads\/2026\/03\/kalp.avif\" data-libid=\"50952\" data-lib=\"wp\" title=\"tatli-ust2\" width=\"0\" height=\"0\" data-dbsrc=\"Ly9hbGZhdGFzYXJpbS5uZXQvdGF0bGkvd3AtY29udGVudC91cGxvYWRzLzIwMjYvMDMva2FscC5hdmlm\"\/>\n\t\t\t\t\t\t<img loading=\"lazy\" data-src=\"\/\/alfatasarim.net\/tatli\/wp-content\/uploads\/2026\/03\/yildiz-bg.avif\" data-libid=\"50951\" data-lib=\"wp\" title=\"tatli-ust-3\" width=\"0\" height=\"0\" data-dbsrc=\"Ly9hbGZhdGFzYXJpbS5uZXQvdGF0bGkvd3AtY29udGVudC91cGxvYWRzLzIwMjYvMDMveWlsZGl6LWJnLmF2aWY=\"\/>\n\t\t\t\t\t\t<img loading=\"lazy\" data-src=\"\/\/alfatasarim.net\/tatli\/wp-content\/uploads\/2026\/03\/cilek.avif\" data-libid=\"50961\" data-lib=\"wp\" title=\"tatli-ust1\" width=\"0\" height=\"0\" data-dbsrc=\"Ly9hbGZhdGFzYXJpbS5uZXQvdGF0bGkvd3AtY29udGVudC91cGxvYWRzLzIwMjYvMDMvY2lsZWsuYXZpZg==\"\/>\n\t\t\t\t\t\t<img loading=\"lazy\" data-src=\"\/\/alfatasarim.net\/tatli\/wp-content\/uploads\/2026\/03\/tatli2.avif\" data-libid=\"50955\" data-lib=\"wp\" title=\"tatli2\" width=\"0\" height=\"0\" data-dbsrc=\"Ly9hbGZhdGFzYXJpbS5uZXQvdGF0bGkvd3AtY29udGVudC91cGxvYWRzLzIwMjYvMDMvdGF0bGkyLmF2aWY=\"\/>\n\t\t\t\t\t\t<img loading=\"lazy\" data-src=\"\/\/alfatasarim.net\/tatli\/wp-content\/uploads\/2026\/03\/tatli1.avif\" data-libid=\"50956\" data-lib=\"wp\" title=\"tatli1\" width=\"0\" height=\"0\" data-dbsrc=\"Ly9hbGZhdGFzYXJpbS5uZXQvdGF0bGkvd3AtY29udGVudC91cGxvYWRzLzIwMjYvMDMvdGF0bGkxLmF2aWY=\"\/>\n\t\t\t\t\t\t<img loading=\"lazy\" data-src=\"\/\/alfatasarim.net\/tatli\/wp-content\/uploads\/2026\/03\/scratch-2.avif\" data-libid=\"50950\" data-lib=\"wp\" title=\"scratch-2\" width=\"0\" height=\"0\" data-dbsrc=\"Ly9hbGZhdGFzYXJpbS5uZXQvdGF0bGkvd3AtY29udGVudC91cGxvYWRzLzIwMjYvMDMvc2NyYXRjaC0yLmF2aWY=\"\/>\n\t\t\t\t\t<\/image_lists>\n\t\t\t\t<\/sr7-module>\n\t\t\t\t<script>\n\t\t\t\t\twindow.SR7??={}; SR7.PMH ??={}; SR7.PMH[\"SR7_1_1\"] = {cn:100,state:false,fn: function() { if (window._tpt!==undefined && window._tpt.prepareModuleHeight !== undefined) {  _tpt.prepareModuleHeight({id:\"SR7_1_1\",el:[850,850,850,850,329],type:'standard',gh:[850,850,850,850,\"#a\"],gw:[1600,1240,1240,1240,480],vpt:['100px'],size:{fullWidth:true, fullHeight:false},mh:'0',onh:0,onw:0,bg:{color:''}});   SR7.PMH[\"SR7_1_1\"].state=true;} else if(SR7.PMH[\"SR7_1_1\"].cn-->0)\tsetTimeout( SR7.PMH[\"SR7_1_1\"].fn,19);}};SR7.PMH[\"SR7_1_1\" ].fn();\n\t\t\t\t<\/script>\n<\/div>\t\t\t\t<\/div>\n\t\t\t\t<\/div>\n\t\t<div class=\"elementor-element elementor-element-4b573de e-con-full e-flex e-con e-parent\" data-id=\"4b573de\" data-element_type=\"container\" data-e-type=\"container\">\n\t\t\t\t<div class=\"elementor-element elementor-element-45f7821 elementor-widget elementor-widget-slider_revolution\" data-id=\"45f7821\" data-element_type=\"widget\" data-e-type=\"widget\" data-widget_type=\"slider_revolution.default\">\n\t\t\t\t\t<div class=\"wp-block-themepunch-revslider revslider\">\n\t\t\t\t<p class=\"rs-p-wp-fix\"><\/p>\n\t\t\t\t<sr7-module data-alias=\"anasayfa-1\" data-id=\"17\" id=\"SR7_17_2\" data-version=\"7.0.5.1\">\n\t\t\t\t\t<sr7-adjuster><\/sr7-adjuster>\n\t\t\t\t\t<sr7-content>\n\t\t\t\t\t\t<sr7-slide id=\"SR7_17_2-74\" data-key=\"74\">\n\t\t\t\t\t\t\t<h2 id=\"SR7_17_2-74-8\" class=\"sr7-layer\">EN G\u00dcZEL<br>ANLARINIZIN<br>TATLI E\u015eL\u0130K\u00c7\u0130S\u0130<\/h2>\n\t\t\t\t\t\t\t<sr7-txt id=\"SR7_17_2-74-9\" class=\"sr7-layer\">Callebaut \u00e7ikolatas\u0131n\u0131n zengin aromas\u0131 ve Jersey s\u00fct\u00fcn\u00fcn <br>benzersiz kremams\u0131 dokusuyla haz\u0131rlanan tatl\u0131lar\u0131m\u0131z, <br>lezzetiyle fark yarat\u0131yor! \u0130ster hafif bir tatl\u0131 molas\u0131 ister keyif <br>dolu bir lezzet aray\u0131\u015f\u0131nda olun, her damak tad\u0131na uygun, <br>taptaze se\u00e7eneklerimizle Ekspres Duraklar\u0131nday\u0131z.<\/sr7-txt>\n\t\t\t\t\t\t<\/sr7-slide>\n\t\t\t\t\t\t<sr7-slide id=\"SR7_17_2-75\" data-key=\"75\">\n\t\t\t\t\t\t<\/sr7-slide>\n\t\t\t\t\t<\/sr7-content>\n\t\t\t\t\t<image_lists style=\"display:none\">\n\t\t\t\t\t\t<img data-src=\"\/\/alfatasarim.net\/tatli\/wp-content\/uploads\/2026\/03\/slide-1.avif\" data-libid=\"50953\" data-lib=\"wp\" title=\"slide-1\" width=\"0\" height=\"0\" data-dbsrc=\"Ly9hbGZhdGFzYXJpbS5uZXQvdGF0bGkvd3AtY29udGVudC91cGxvYWRzLzIwMjYvMDMvc2xpZGUtMS5hdmlm\"\/>\n\t\t\t\t\t\t<img loading=\"lazy\" data-src=\"\/\/alfatasarim.net\/tatli\/wp-content\/uploads\/2026\/03\/tatli2.avif\" data-libid=\"50992\" data-lib=\"wp\" title=\"sagTaraf\" width=\"0\" height=\"0\" data-dbsrc=\"Ly9hbGZhdGFzYXJpbS5uZXQvdGF0bGkvd3AtY29udGVudC91cGxvYWRzLzIwMjYvMDMvdGF0bGkyLmF2aWY=\"\/>\n\t\t\t\t\t\t<img loading=\"lazy\" data-src=\"\/\/alfatasarim.net\/tatli\/wp-content\/uploads\/2026\/03\/yildiz-bg.avif\" data-libid=\"50987\" data-lib=\"wp\" title=\"yildiz-bg\" width=\"0\" height=\"0\" data-dbsrc=\"Ly9hbGZhdGFzYXJpbS5uZXQvdGF0bGkvd3AtY29udGVudC91cGxvYWRzLzIwMjYvMDMveWlsZGl6LWJnLmF2aWY=\"\/>\n\t\t\t\t\t\t<img loading=\"lazy\" data-src=\"\/\/alfatasarim.net\/tatli\/wp-content\/uploads\/2026\/03\/bisi.avif\" data-libid=\"50988\" data-lib=\"wp\" title=\"bisi\" width=\"0\" height=\"0\" data-dbsrc=\"Ly9hbGZhdGFzYXJpbS5uZXQvdGF0bGkvd3AtY29udGVudC91cGxvYWRzLzIwMjYvMDMvYmlzaS5hdmlm\"\/>\n\t\t\t\t\t\t<img loading=\"lazy\" data-src=\"\/\/alfatasarim.net\/tatli\/wp-content\/uploads\/2026\/03\/cilek.avif\" data-libid=\"50991\" data-lib=\"wp\" title=\"cilek\" width=\"0\" height=\"0\" data-dbsrc=\"Ly9hbGZhdGFzYXJpbS5uZXQvdGF0bGkvd3AtY29udGVudC91cGxvYWRzLzIwMjYvMDMvY2lsZWsuYXZpZg==\"\/>\n\t\t\t\t\t\t<img loading=\"lazy\" data-src=\"\/\/alfatasarim.net\/tatli\/wp-content\/uploads\/2026\/03\/kalp.avif\" data-libid=\"50990\" data-lib=\"wp\" title=\"kalp\" width=\"0\" height=\"0\" data-dbsrc=\"Ly9hbGZhdGFzYXJpbS5uZXQvdGF0bGkvd3AtY29udGVudC91cGxvYWRzLzIwMjYvMDMva2FscC5hdmlm\"\/>\n\t\t\t\t\t\t<img loading=\"lazy\" data-src=\"\/\/alfatasarim.net\/tatli\/wp-content\/uploads\/2026\/03\/yildiz.avif\" data-libid=\"50989\" data-lib=\"wp\" title=\"yildiz\" width=\"0\" height=\"0\" data-dbsrc=\"Ly9hbGZhdGFzYXJpbS5uZXQvdGF0bGkvd3AtY29udGVudC91cGxvYWRzLzIwMjYvMDMveWlsZGl6LmF2aWY=\"\/>\n\t\t\t\t\t<\/image_lists>\n\t\t\t\t<\/sr7-module>\n\t\t\t\t<script>\n\t\t\t\t\twindow.SR7??={}; SR7.PMH ??={}; SR7.PMH[\"SR7_17_2\"] = {cn:100,state:false,fn: function() { if (window._tpt!==undefined && window._tpt.prepareModuleHeight !== undefined) {  _tpt.prepareModuleHeight({id:\"SR7_17_2\",el:[850,850,850,850,329],type:'standard',gh:[850,850,850,850,\"#a\"],gw:[1600,1240,1240,1240,480],vpt:['100px'],size:{fullWidth:true, fullHeight:false},mh:'0',onh:0,onw:0,bg:{color:''}});   SR7.PMH[\"SR7_17_2\"].state=true;} else if(SR7.PMH[\"SR7_17_2\"].cn-->0)\tsetTimeout( SR7.PMH[\"SR7_17_2\"].fn,19);}};SR7.PMH[\"SR7_17_2\" ].fn();\n\t\t\t\t<\/script>\n<\/div>\t\t\t\t<\/div>\n\t\t\t\t<\/div>\n\t\t\t\t<section class=\"elementor-section elementor-top-section elementor-element elementor-element-ee4b7a5 elementor-section-stretched elementor-hidden-desktop elementor-hidden-tablet elementor-hidden-mobile elementor-section-boxed elementor-section-height-default elementor-section-height-default tm-col-stretched-none tm-bg-color-over-image\" data-id=\"ee4b7a5\" data-element_type=\"section\" data-e-type=\"section\" data-settings=\"{&quot;stretch_section&quot;:&quot;section-stretched&quot;,&quot;background_background&quot;:&quot;classic&quot;}\">\n\t\t\t\t\t\t\t<div class=\"elementor-background-overlay\"><\/div>\n\t\t\t\t\t\t\t<div class=\"elementor-container elementor-column-gap-extended\">\n\t\t\t\t\t<div class=\"elementor-column elementor-col-33 elementor-top-column elementor-element elementor-element-4b3c0df tm-bg-color-over-image\" data-id=\"4b3c0df\" data-element_type=\"column\" data-e-type=\"column\">\n\t\t\t<div class=\"elementor-widget-wrap elementor-element-populated\">\n\t\t\t\t\t\t<div class=\"elementor-element elementor-element-f23f4df elementor-invisible elementor-widget elementor-widget-image\" data-id=\"f23f4df\" data-element_type=\"widget\" data-e-type=\"widget\" data-settings=\"{&quot;_animation&quot;:&quot;fadeInDown&quot;}\" data-widget_type=\"image.default\">\n\t\t\t\t\t\t\t\t\t\t\t\t\t\t\t<img loading=\"lazy\" decoding=\"async\" width=\"524\" height=\"549\" src=\"https:\/\/alfatasarim.net\/tatli\/wp-content\/uploads\/2026\/03\/cookie-1.avif\" class=\"attachment-large size-large wp-image-51006\" alt=\"\" srcset=\"https:\/\/alfatasarim.net\/tatli\/wp-content\/uploads\/2026\/03\/cookie-1.avif 524w, https:\/\/alfatasarim.net\/tatli\/wp-content\/uploads\/2026\/03\/cookie-1-286x300.avif 286w\" sizes=\"(max-width: 524px) 100vw, 524px\" \/>\t\t\t\t\t\t\t\t\t\t\t\t\t\t\t<\/div>\n\t\t\t\t\t<\/div>\n\t\t<\/div>\n\t\t\t\t<div class=\"elementor-column elementor-col-33 elementor-top-column elementor-element elementor-element-baa94bb tm-bg-color-over-image\" data-id=\"baa94bb\" data-element_type=\"column\" data-e-type=\"column\">\n\t\t\t<div class=\"elementor-widget-wrap elementor-element-populated\">\n\t\t\t\t\t\t<div class=\"elementor-element elementor-element-103cd86 elementor-invisible elementor-widget elementor-widget-image\" data-id=\"103cd86\" data-element_type=\"widget\" data-e-type=\"widget\" data-settings=\"{&quot;_animation&quot;:&quot;tada&quot;}\" data-widget_type=\"image.default\">\n\t\t\t\t\t\t\t\t\t\t\t\t\t\t\t<img loading=\"lazy\" decoding=\"async\" width=\"1024\" height=\"171\" src=\"https:\/\/alfatasarim.net\/tatli\/wp-content\/uploads\/2026\/03\/video-1-1-1-1024x171.avif\" class=\"attachment-large size-large wp-image-51049\" alt=\"\" srcset=\"https:\/\/alfatasarim.net\/tatli\/wp-content\/uploads\/2026\/03\/video-1-1-1-1024x171.avif 1024w, https:\/\/alfatasarim.net\/tatli\/wp-content\/uploads\/2026\/03\/video-1-1-1-600x100.avif 600w, https:\/\/alfatasarim.net\/tatli\/wp-content\/uploads\/2026\/03\/video-1-1-1-300x50.avif 300w, https:\/\/alfatasarim.net\/tatli\/wp-content\/uploads\/2026\/03\/video-1-1-1-768x128.avif 768w, https:\/\/alfatasarim.net\/tatli\/wp-content\/uploads\/2026\/03\/video-1-1-1.avif 1051w\" sizes=\"(max-width: 1024px) 100vw, 1024px\" \/>\t\t\t\t\t\t\t\t\t\t\t\t\t\t\t<\/div>\n\t\t\t\t<div class=\"elementor-element elementor-element-b1fc873 elementor-arrows-position-inside elementor-widget elementor-widget-image-carousel\" data-id=\"b1fc873\" data-element_type=\"widget\" data-e-type=\"widget\" data-settings=\"{&quot;slides_to_show&quot;:&quot;1&quot;,&quot;navigation&quot;:&quot;arrows&quot;,&quot;autoplay&quot;:&quot;yes&quot;,&quot;pause_on_hover&quot;:&quot;yes&quot;,&quot;pause_on_interaction&quot;:&quot;yes&quot;,&quot;autoplay_speed&quot;:5000,&quot;infinite&quot;:&quot;yes&quot;,&quot;effect&quot;:&quot;slide&quot;,&quot;speed&quot;:500}\" data-widget_type=\"image-carousel.default\">\n\t\t\t\t\t\t\t<div class=\"elementor-image-carousel-wrapper swiper\" role=\"region\" aria-roledescription=\"carousel\" aria-label=\"Resim D\u00f6ng\u00fcs\u00fc\" dir=\"ltr\">\n\t\t\t<div class=\"elementor-image-carousel swiper-wrapper\" aria-live=\"off\">\n\t\t\t\t\t\t\t\t<div class=\"swiper-slide\" role=\"group\" aria-roledescription=\"slide\" aria-label=\"1 \/ 14\"><figure class=\"swiper-slide-inner\"><img decoding=\"async\" class=\"swiper-slide-image\" src=\"https:\/\/alfatasarim.net\/tatli\/wp-content\/uploads\/2026\/03\/026.webp\" alt=\"026\" \/><\/figure><\/div><div class=\"swiper-slide\" role=\"group\" aria-roledescription=\"slide\" aria-label=\"2 \/ 14\"><figure class=\"swiper-slide-inner\"><img decoding=\"async\" class=\"swiper-slide-image\" src=\"https:\/\/alfatasarim.net\/tatli\/wp-content\/uploads\/2026\/03\/028.webp\" alt=\"028\" \/><\/figure><\/div><div class=\"swiper-slide\" role=\"group\" aria-roledescription=\"slide\" aria-label=\"3 \/ 14\"><figure class=\"swiper-slide-inner\"><img decoding=\"async\" class=\"swiper-slide-image\" src=\"https:\/\/alfatasarim.net\/tatli\/wp-content\/uploads\/2026\/03\/027.webp\" alt=\"027\" \/><\/figure><\/div><div class=\"swiper-slide\" role=\"group\" aria-roledescription=\"slide\" aria-label=\"4 \/ 14\"><figure class=\"swiper-slide-inner\"><img decoding=\"async\" class=\"swiper-slide-image\" src=\"https:\/\/alfatasarim.net\/tatli\/wp-content\/uploads\/2026\/03\/036.webp\" alt=\"036\" \/><\/figure><\/div><div class=\"swiper-slide\" role=\"group\" aria-roledescription=\"slide\" aria-label=\"5 \/ 14\"><figure class=\"swiper-slide-inner\"><img decoding=\"async\" class=\"swiper-slide-image\" src=\"https:\/\/alfatasarim.net\/tatli\/wp-content\/uploads\/2026\/03\/035.webp\" alt=\"035\" \/><\/figure><\/div><div class=\"swiper-slide\" role=\"group\" aria-roledescription=\"slide\" aria-label=\"6 \/ 14\"><figure class=\"swiper-slide-inner\"><img decoding=\"async\" class=\"swiper-slide-image\" src=\"https:\/\/alfatasarim.net\/tatli\/wp-content\/uploads\/2026\/03\/034.webp\" alt=\"034\" \/><\/figure><\/div><div class=\"swiper-slide\" role=\"group\" aria-roledescription=\"slide\" aria-label=\"7 \/ 14\"><figure class=\"swiper-slide-inner\"><img decoding=\"async\" class=\"swiper-slide-image\" src=\"https:\/\/alfatasarim.net\/tatli\/wp-content\/uploads\/2026\/03\/033.webp\" alt=\"033\" \/><\/figure><\/div><div class=\"swiper-slide\" role=\"group\" aria-roledescription=\"slide\" aria-label=\"8 \/ 14\"><figure class=\"swiper-slide-inner\"><img decoding=\"async\" class=\"swiper-slide-image\" src=\"https:\/\/alfatasarim.net\/tatli\/wp-content\/uploads\/2026\/03\/032.webp\" alt=\"032\" \/><\/figure><\/div><div class=\"swiper-slide\" role=\"group\" aria-roledescription=\"slide\" aria-label=\"9 \/ 14\"><figure class=\"swiper-slide-inner\"><img decoding=\"async\" class=\"swiper-slide-image\" src=\"https:\/\/alfatasarim.net\/tatli\/wp-content\/uploads\/2026\/03\/031.webp\" alt=\"031\" \/><\/figure><\/div><div class=\"swiper-slide\" role=\"group\" aria-roledescription=\"slide\" aria-label=\"10 \/ 14\"><figure class=\"swiper-slide-inner\"><img decoding=\"async\" class=\"swiper-slide-image\" src=\"https:\/\/alfatasarim.net\/tatli\/wp-content\/uploads\/2026\/03\/030.webp\" alt=\"030\" \/><\/figure><\/div><div class=\"swiper-slide\" role=\"group\" aria-roledescription=\"slide\" aria-label=\"11 \/ 14\"><figure class=\"swiper-slide-inner\"><img decoding=\"async\" class=\"swiper-slide-image\" src=\"https:\/\/alfatasarim.net\/tatli\/wp-content\/uploads\/2026\/03\/039.webp\" alt=\"039\" \/><\/figure><\/div><div class=\"swiper-slide\" role=\"group\" aria-roledescription=\"slide\" aria-label=\"12 \/ 14\"><figure class=\"swiper-slide-inner\"><img decoding=\"async\" class=\"swiper-slide-image\" src=\"https:\/\/alfatasarim.net\/tatli\/wp-content\/uploads\/2026\/03\/038.webp\" alt=\"038\" \/><\/figure><\/div><div class=\"swiper-slide\" role=\"group\" aria-roledescription=\"slide\" aria-label=\"13 \/ 14\"><figure class=\"swiper-slide-inner\"><img decoding=\"async\" class=\"swiper-slide-image\" src=\"https:\/\/alfatasarim.net\/tatli\/wp-content\/uploads\/2026\/03\/037.webp\" alt=\"037\" \/><\/figure><\/div><div class=\"swiper-slide\" role=\"group\" aria-roledescription=\"slide\" aria-label=\"14 \/ 14\"><figure class=\"swiper-slide-inner\"><img decoding=\"async\" class=\"swiper-slide-image\" src=\"https:\/\/alfatasarim.net\/tatli\/wp-content\/uploads\/2026\/03\/029.webp\" alt=\"029\" \/><\/figure><\/div>\t\t\t<\/div>\n\t\t\t\t\t\t\t\t\t\t\t\t<div class=\"elementor-swiper-button elementor-swiper-button-prev\" role=\"button\" tabindex=\"0\">\n\t\t\t\t\t\t<svg aria-hidden=\"true\" class=\"e-font-icon-svg e-fas-arrow-left\" viewBox=\"0 0 448 512\" xmlns=\"http:\/\/www.w3.org\/2000\/svg\"><path d=\"M257.5 445.1l-22.2 22.2c-9.4 9.4-24.6 9.4-33.9 0L7 273c-9.4-9.4-9.4-24.6 0-33.9L201.4 44.7c9.4-9.4 24.6-9.4 33.9 0l22.2 22.2c9.5 9.5 9.3 25-.4 34.3L136.6 216H424c13.3 0 24 10.7 24 24v32c0 13.3-10.7 24-24 24H136.6l120.5 114.8c9.8 9.3 10 24.8.4 34.3z\"><\/path><\/svg>\t\t\t\t\t<\/div>\n\t\t\t\t\t<div class=\"elementor-swiper-button elementor-swiper-button-next\" role=\"button\" tabindex=\"0\">\n\t\t\t\t\t\t<svg aria-hidden=\"true\" class=\"e-font-icon-svg e-fas-arrow-right\" viewBox=\"0 0 448 512\" xmlns=\"http:\/\/www.w3.org\/2000\/svg\"><path d=\"M190.5 66.9l22.2-22.2c9.4-9.4 24.6-9.4 33.9 0L441 239c9.4 9.4 9.4 24.6 0 33.9L246.6 467.3c-9.4 9.4-24.6 9.4-33.9 0l-22.2-22.2c-9.5-9.5-9.3-25 .4-34.3L311.4 296H24c-13.3 0-24-10.7-24-24v-32c0-13.3 10.7-24 24-24h287.4L190.9 101.2c-9.8-9.3-10-24.8-.4-34.3z\"><\/path><\/svg>\t\t\t\t\t<\/div>\n\t\t\t\t\n\t\t\t\t\t\t\t\t\t<\/div>\n\t\t\t\t\t\t<\/div>\n\t\t\t\t<div class=\"elementor-element elementor-element-fe546df elementor-widget elementor-widget-tm-ele-button\" data-id=\"fe546df\" data-element_type=\"widget\" data-e-type=\"widget\" data-widget_type=\"tm-ele-button.default\">\n\t\t\t\t<div class=\"elementor-widget-container\">\n\t\t\t\t\t<div class=\"tm-sc-button btn-view-details \">\r\n\t<a  href=\"https:\/\/alfatasarim.net\/tatli\/urunlerimiz\/\"\r\n\t\t\t\t\t\tclass=\"btn btn-modern-white btn-lg\">\r\n\r\n\r\n\t\t\r\n\t\t<span>\r\n\t\tT\u00dcM \u00dcR\u00dcNLER\u0130M\u0130Z\t\t<\/span>\r\n\r\n\t\t\t<\/a>\r\n<\/div>\t\t\t\t<\/div>\n\t\t\t\t<\/div>\n\t\t\t\t\t<\/div>\n\t\t<\/div>\n\t\t\t\t<div class=\"elementor-column elementor-col-33 elementor-top-column elementor-element elementor-element-5773905 tm-bg-color-over-image\" data-id=\"5773905\" data-element_type=\"column\" data-e-type=\"column\">\n\t\t\t<div class=\"elementor-widget-wrap elementor-element-populated\">\n\t\t\t\t\t\t<div class=\"elementor-element elementor-element-dc6acc4 elementor-invisible elementor-widget elementor-widget-image\" data-id=\"dc6acc4\" data-element_type=\"widget\" data-e-type=\"widget\" data-settings=\"{&quot;_animation&quot;:&quot;zoomInUp&quot;}\" data-widget_type=\"image.default\">\n\t\t\t\t\t\t\t\t\t\t\t\t\t\t\t<img loading=\"lazy\" decoding=\"async\" width=\"185\" height=\"267\" src=\"https:\/\/alfatasarim.net\/tatli\/wp-content\/uploads\/2026\/03\/cookie-part.avif\" class=\"attachment-large size-large wp-image-51005\" alt=\"\" \/>\t\t\t\t\t\t\t\t\t\t\t\t\t\t\t<\/div>\n\t\t\t\t\t<\/div>\n\t\t<\/div>\n\t\t\t\t\t<\/div>\n\t\t<\/section>\n\t\t\t\t<section class=\"elementor-section elementor-top-section elementor-element elementor-element-2c05186 elementor-section-stretched elementor-section-full_width elementor-section-height-default elementor-section-height-default tm-col-stretched-none tm-bg-color-over-image\" data-id=\"2c05186\" data-element_type=\"section\" data-e-type=\"section\" data-settings=\"{&quot;stretch_section&quot;:&quot;section-stretched&quot;,&quot;background_background&quot;:&quot;classic&quot;}\">\n\t\t\t\t\t\t\t<div class=\"elementor-background-overlay\"><\/div>\n\t\t\t\t\t\t\t<div class=\"elementor-container elementor-column-gap-extended\">\n\t\t\t\t\t<div class=\"elementor-column elementor-col-33 elementor-top-column elementor-element elementor-element-659143e tm-bg-color-over-image\" data-id=\"659143e\" data-element_type=\"column\" data-e-type=\"column\">\n\t\t\t<div class=\"elementor-widget-wrap elementor-element-populated\">\n\t\t\t\t\t\t<div class=\"elementor-element elementor-element-e61a5c7 elementor-widget elementor-widget-image\" data-id=\"e61a5c7\" data-element_type=\"widget\" data-e-type=\"widget\" data-widget_type=\"image.default\">\n\t\t\t\t\t\t\t\t\t\t\t\t\t\t\t<img loading=\"lazy\" decoding=\"async\" width=\"499\" height=\"660\" src=\"https:\/\/alfatasarim.net\/tatli\/wp-content\/uploads\/2026\/03\/tatli2.avif\" class=\"attachment-large size-large wp-image-50955\" alt=\"\" srcset=\"https:\/\/alfatasarim.net\/tatli\/wp-content\/uploads\/2026\/03\/tatli2.avif 499w, https:\/\/alfatasarim.net\/tatli\/wp-content\/uploads\/2026\/03\/tatli2-227x300.avif 227w\" sizes=\"(max-width: 499px) 100vw, 499px\" \/>\t\t\t\t\t\t\t\t\t\t\t\t\t\t\t<\/div>\n\t\t\t\t\t<\/div>\n\t\t<\/div>\n\t\t\t\t<div class=\"elementor-column elementor-col-33 elementor-top-column elementor-element elementor-element-d7225dd tm-bg-color-over-image\" data-id=\"d7225dd\" data-element_type=\"column\" data-e-type=\"column\">\n\t\t\t<div class=\"elementor-widget-wrap elementor-element-populated\">\n\t\t\t\t\t\t<div class=\"elementor-element elementor-element-e6919c8 elementor-widget elementor-widget-heading\" data-id=\"e6919c8\" data-element_type=\"widget\" data-e-type=\"widget\" data-widget_type=\"heading.default\">\n\t\t\t\t\t<h2 class=\"elementor-heading-title elementor-size-default\">S\u0130PAR\u0130\u015e<\/h2>\t\t\t\t<\/div>\n\t\t\t\t<div class=\"elementor-element elementor-element-4a7248d elementor-widget elementor-widget-text-editor\" data-id=\"4a7248d\" data-element_type=\"widget\" data-e-type=\"widget\" data-widget_type=\"text-editor.default\">\n\t\t\t\t\t\t\t\t\t<p>Tatl\u0131 keyfinizi bir t\u0131kla kap\u0131n\u0131za gelsin!<br \/>\u015eubelerimize telefon numaralar\u0131m\u0131zdan ula\u015farak ya da Yemeksepeti \u00fczerinden Ekspres h\u0131zla lezzetlerimize zahmetsizce ula\u015fabilir, tatl\u0131 molan\u0131z\u0131 an\u0131nda ba\u015flatabilirsiniz.<\/p><p>Hemen \u015fimdi sipari\u015f verin ve bu e\u015fsiz lezzetlerin tad\u0131n\u0131 \u00e7\u0131kar\u0131n!<\/p>\t\t\t\t\t\t\t\t<\/div>\n\t\t\t\t<div class=\"elementor-element elementor-element-f3db2ba elementor-widget elementor-widget-tm-ele-button\" data-id=\"f3db2ba\" data-element_type=\"widget\" data-e-type=\"widget\" data-widget_type=\"tm-ele-button.default\">\n\t\t\t\t<div class=\"elementor-widget-container\">\n\t\t\t\t\t<div class=\"tm-sc-button btn-view-details \">\r\n\t<a  href=\"https:\/\/alfatasarim.net\/tatli\/iletisim\/\"\r\n\t\t\t\t\t\tclass=\"btn btn-modern-white btn-lg\">\r\n\r\n\r\n\t\t\r\n\t\t<span>\r\n\t\tS\u0130PAR\u0130\u015e \u0130\u00c7\u0130N TIKLAYINIZ\t\t<\/span>\r\n\r\n\t\t\t<\/a>\r\n<\/div>\t\t\t\t<\/div>\n\t\t\t\t<\/div>\n\t\t\t\t\t<\/div>\n\t\t<\/div>\n\t\t\t\t<div class=\"elementor-column elementor-col-33 elementor-top-column elementor-element elementor-element-2b9d618 tm-bg-color-over-image\" data-id=\"2b9d618\" data-element_type=\"column\" data-e-type=\"column\">\n\t\t\t<div class=\"elementor-widget-wrap elementor-element-populated\">\n\t\t\t\t\t\t<div class=\"elementor-element elementor-element-47d9645 elementor-invisible elementor-widget elementor-widget-image\" data-id=\"47d9645\" data-element_type=\"widget\" data-e-type=\"widget\" data-settings=\"{&quot;_animation&quot;:&quot;zoomInUp&quot;}\" data-widget_type=\"image.default\">\n\t\t\t\t\t\t\t\t\t\t\t\t\t\t\t<img loading=\"lazy\" decoding=\"async\" width=\"370\" height=\"643\" src=\"https:\/\/alfatasarim.net\/tatli\/wp-content\/uploads\/2026\/03\/tatli1.avif\" class=\"attachment-large size-large wp-image-50956\" alt=\"\" srcset=\"https:\/\/alfatasarim.net\/tatli\/wp-content\/uploads\/2026\/03\/tatli1.avif 370w, https:\/\/alfatasarim.net\/tatli\/wp-content\/uploads\/2026\/03\/tatli1-173x300.avif 173w\" sizes=\"(max-width: 370px) 100vw, 370px\" \/>\t\t\t\t\t\t\t\t\t\t\t\t\t\t\t<\/div>\n\t\t\t\t\t<\/div>\n\t\t<\/div>\n\t\t\t\t\t<\/div>\n\t\t<\/section>\n\t\t\t\t<\/div>\n\t\t","protected":false},"excerpt":{"rendered":"<p>T\u00dcM \u00dcR\u00dcNLER\u0130M\u0130Z S\u0130PAR\u0130\u015e Tatl\u0131 keyfinizi bir t\u0131kla kap\u0131n\u0131za gelsin!\u015eubelerimize telefon numaralar\u0131m\u0131zdan ula\u015farak ya da Yemeksepeti \u00fczerinden Ekspres h\u0131zla lezzetlerimize zahmetsizce&#8230;<\/p>\n","protected":false},"author":1,"featured_media":-3,"parent":0,"menu_order":0,"comment_status":"closed","ping_status":"closed","template":"","meta":{"rs_blank_template":"","rs_page_bg_color":"","slide_template_v7":"","footnotes":""},"class_list":["post-49682","page","type-page","status-publish","has-post-thumbnail","hentry"],"_links":{"self":[{"href":"https:\/\/alfatasarim.net\/tatli\/wp-json\/wp\/v2\/pages\/49682","targetHints":{"allow":["GET"]}}],"collection":[{"href":"https:\/\/alfatasarim.net\/tatli\/wp-json\/wp\/v2\/pages"}],"about":[{"href":"https:\/\/alfatasarim.net\/tatli\/wp-json\/wp\/v2\/types\/page"}],"author":[{"embeddable":true,"href":"https:\/\/alfatasarim.net\/tatli\/wp-json\/wp\/v2\/users\/1"}],"replies":[{"embeddable":true,"href":"https:\/\/alfatasarim.net\/tatli\/wp-json\/wp\/v2\/comments?post=49682"}],"version-history":[{"count":107,"href":"https:\/\/alfatasarim.net\/tatli\/wp-json\/wp\/v2\/pages\/49682\/revisions"}],"predecessor-version":[{"id":51450,"href":"https:\/\/alfatasarim.net\/tatli\/wp-json\/wp\/v2\/pages\/49682\/revisions\/51450"}],"wp:featuredmedia":[{"embeddable":true,"href":"https:\/\/alfatasarim.net\/tatli\/wp-json\/"}],"wp:attachment":[{"href":"https:\/\/alfatasarim.net\/tatli\/wp-json\/wp\/v2\/media?parent=49682"}],"curies":[{"name":"wp","href":"https:\/\/api.w.org\/{rel}","templated":true}]}}