{"id":10784,"date":"2022-10-09T10:20:37","date_gmt":"2022-10-09T10:20:37","guid":{"rendered":"https:\/\/kodesolution.com\/2022\/orgonic\/?page_id=10784"},"modified":"2026-03-28T16:46:53","modified_gmt":"2026-03-28T13:46:53","slug":"hakkimizda","status":"publish","type":"page","link":"https:\/\/alfatasarim.net\/tatli\/hakkimizda\/","title":{"rendered":"HAKKIMIZDA"},"content":{"rendered":"\t\t<div data-elementor-type=\"wp-page\" data-elementor-id=\"10784\" class=\"elementor elementor-10784\" data-elementor-post-type=\"page\">\n\t\t\t\t<div class=\"elementor-element elementor-element-b71a87c e-con-full e-flex e-con e-parent\" data-id=\"b71a87c\" data-element_type=\"container\" data-e-type=\"container\">\n\t\t\t\t<div class=\"elementor-element elementor-element-36c122d elementor-widget elementor-widget-slider_revolution\" data-id=\"36c122d\" data-element_type=\"widget\" data-e-type=\"widget\" data-widget_type=\"slider_revolution.default\">\n\t\t\t\t\t<div class=\"wp-block-themepunch-revslider revslider\">\n\t\t\t\t<p class=\"rs-p-wp-fix\"><\/p>\n\t\t\t\t<sr7-module data-alias=\"anasayfa-1\" data-id=\"17\" id=\"SR7_17_1\" data-version=\"7.0.5.1\">\n\t\t\t\t\t<sr7-adjuster><\/sr7-adjuster>\n\t\t\t\t\t<sr7-content>\n\t\t\t\t\t\t<sr7-slide id=\"SR7_17_1-74\" data-key=\"74\">\n\t\t\t\t\t\t\t<h2 id=\"SR7_17_1-74-8\" class=\"sr7-layer\">EN G\u00dcZEL<br>ANLARINIZIN<br>TATLI E\u015eL\u0130K\u00c7\u0130S\u0130<\/h2>\n\t\t\t\t\t\t\t<sr7-txt id=\"SR7_17_1-74-9\" class=\"sr7-layer\">Callebaut \u00e7ikolatas\u0131n\u0131n zengin aromas\u0131 ve Jersey s\u00fct\u00fcn\u00fcn <br>benzersiz kremams\u0131 dokusuyla haz\u0131rlanan tatl\u0131lar\u0131m\u0131z, <br>lezzetiyle fark yarat\u0131yor! \u0130ster hafif bir tatl\u0131 molas\u0131 ister keyif <br>dolu bir lezzet aray\u0131\u015f\u0131nda olun, her damak tad\u0131na uygun, <br>taptaze se\u00e7eneklerimizle Ekspres Duraklar\u0131nday\u0131z.<\/sr7-txt>\n\t\t\t\t\t\t<\/sr7-slide>\n\t\t\t\t\t\t<sr7-slide id=\"SR7_17_1-75\" data-key=\"75\">\n\t\t\t\t\t\t<\/sr7-slide>\n\t\t\t\t\t<\/sr7-content>\n\t\t\t\t\t<image_lists style=\"display:none\">\n\t\t\t\t\t\t<img data-src=\"\/\/alfatasarim.net\/tatli\/wp-content\/uploads\/2026\/03\/slide-1.avif\" data-libid=\"50953\" data-lib=\"wp\" title=\"slide-1\" width=\"0\" height=\"0\" data-dbsrc=\"Ly9hbGZhdGFzYXJpbS5uZXQvdGF0bGkvd3AtY29udGVudC91cGxvYWRzLzIwMjYvMDMvc2xpZGUtMS5hdmlm\"\/>\n\t\t\t\t\t\t<img data-src=\"\/\/alfatasarim.net\/tatli\/wp-content\/uploads\/2026\/03\/tatli2.avif\" data-libid=\"50992\" data-lib=\"wp\" title=\"sagTaraf\" width=\"0\" height=\"0\" data-dbsrc=\"Ly9hbGZhdGFzYXJpbS5uZXQvdGF0bGkvd3AtY29udGVudC91cGxvYWRzLzIwMjYvMDMvdGF0bGkyLmF2aWY=\"\/>\n\t\t\t\t\t\t<img data-src=\"\/\/alfatasarim.net\/tatli\/wp-content\/uploads\/2026\/03\/yildiz-bg.avif\" data-libid=\"50987\" data-lib=\"wp\" title=\"yildiz-bg\" width=\"0\" height=\"0\" data-dbsrc=\"Ly9hbGZhdGFzYXJpbS5uZXQvdGF0bGkvd3AtY29udGVudC91cGxvYWRzLzIwMjYvMDMveWlsZGl6LWJnLmF2aWY=\"\/>\n\t\t\t\t\t\t<img loading=\"lazy\" data-src=\"\/\/alfatasarim.net\/tatli\/wp-content\/uploads\/2026\/03\/bisi.avif\" data-libid=\"50988\" data-lib=\"wp\" title=\"bisi\" width=\"0\" height=\"0\" data-dbsrc=\"Ly9hbGZhdGFzYXJpbS5uZXQvdGF0bGkvd3AtY29udGVudC91cGxvYWRzLzIwMjYvMDMvYmlzaS5hdmlm\"\/>\n\t\t\t\t\t\t<img loading=\"lazy\" data-src=\"\/\/alfatasarim.net\/tatli\/wp-content\/uploads\/2026\/03\/cilek.avif\" data-libid=\"50991\" data-lib=\"wp\" title=\"cilek\" width=\"0\" height=\"0\" data-dbsrc=\"Ly9hbGZhdGFzYXJpbS5uZXQvdGF0bGkvd3AtY29udGVudC91cGxvYWRzLzIwMjYvMDMvY2lsZWsuYXZpZg==\"\/>\n\t\t\t\t\t\t<img loading=\"lazy\" data-src=\"\/\/alfatasarim.net\/tatli\/wp-content\/uploads\/2026\/03\/kalp.avif\" data-libid=\"50990\" data-lib=\"wp\" title=\"kalp\" width=\"0\" height=\"0\" data-dbsrc=\"Ly9hbGZhdGFzYXJpbS5uZXQvdGF0bGkvd3AtY29udGVudC91cGxvYWRzLzIwMjYvMDMva2FscC5hdmlm\"\/>\n\t\t\t\t\t\t<img loading=\"lazy\" data-src=\"\/\/alfatasarim.net\/tatli\/wp-content\/uploads\/2026\/03\/yildiz.avif\" data-libid=\"50989\" data-lib=\"wp\" title=\"yildiz\" width=\"0\" height=\"0\" data-dbsrc=\"Ly9hbGZhdGFzYXJpbS5uZXQvdGF0bGkvd3AtY29udGVudC91cGxvYWRzLzIwMjYvMDMveWlsZGl6LmF2aWY=\"\/>\n\t\t\t\t\t<\/image_lists>\n\t\t\t\t<\/sr7-module>\n\t\t\t\t<script>\n\t\t\t\t\twindow.SR7??={}; SR7.PMH ??={}; SR7.PMH[\"SR7_17_1\"] = {cn:100,state:false,fn: function() { if (window._tpt!==undefined && window._tpt.prepareModuleHeight !== undefined) {  _tpt.prepareModuleHeight({id:\"SR7_17_1\",el:[850,850,850,850,329],type:'standard',gh:[850,850,850,850,\"#a\"],gw:[1600,1240,1240,1240,480],vpt:['100px'],size:{fullWidth:true, fullHeight:false},mh:'0',onh:0,onw:0,bg:{color:''}});   SR7.PMH[\"SR7_17_1\"].state=true;} else if(SR7.PMH[\"SR7_17_1\"].cn-->0)\tsetTimeout( SR7.PMH[\"SR7_17_1\"].fn,19);}};SR7.PMH[\"SR7_17_1\" ].fn();\n\t\t\t\t<\/script>\n<\/div>\t\t\t\t<\/div>\n\t\t\t\t<\/div>\n\t\t\t\t<\/div>\n\t\t","protected":false},"excerpt":{"rendered":"","protected":false},"author":1,"featured_media":-3,"parent":0,"menu_order":0,"comment_status":"closed","ping_status":"closed","template":"","meta":{"rs_blank_template":"","rs_page_bg_color":"","slide_template_v7":"","footnotes":""},"class_list":["post-10784","page","type-page","status-publish","has-post-thumbnail","hentry"],"_links":{"self":[{"href":"https:\/\/alfatasarim.net\/tatli\/wp-json\/wp\/v2\/pages\/10784","targetHints":{"allow":["GET"]}}],"collection":[{"href":"https:\/\/alfatasarim.net\/tatli\/wp-json\/wp\/v2\/pages"}],"about":[{"href":"https:\/\/alfatasarim.net\/tatli\/wp-json\/wp\/v2\/types\/page"}],"author":[{"embeddable":true,"href":"https:\/\/alfatasarim.net\/tatli\/wp-json\/wp\/v2\/users\/1"}],"replies":[{"embeddable":true,"href":"https:\/\/alfatasarim.net\/tatli\/wp-json\/wp\/v2\/comments?post=10784"}],"version-history":[{"count":5,"href":"https:\/\/alfatasarim.net\/tatli\/wp-json\/wp\/v2\/pages\/10784\/revisions"}],"predecessor-version":[{"id":51239,"href":"https:\/\/alfatasarim.net\/tatli\/wp-json\/wp\/v2\/pages\/10784\/revisions\/51239"}],"wp:featuredmedia":[{"embeddable":true,"href":"https:\/\/alfatasarim.net\/tatli\/wp-json\/"}],"wp:attachment":[{"href":"https:\/\/alfatasarim.net\/tatli\/wp-json\/wp\/v2\/media?parent=10784"}],"curies":[{"name":"wp","href":"https:\/\/api.w.org\/{rel}","templated":true}]}}